{"id":14726,"date":"2024-07-26T10:02:57","date_gmt":"2024-07-26T10:02:57","guid":{"rendered":"https:\/\/teste.nkoisas.pt\/?post_type=product&#038;p=14726"},"modified":"2026-03-12T14:44:10","modified_gmt":"2026-03-12T14:44:10","slug":"balanca-comercial-30kg-com-impressora","status":"publish","type":"product","link":"https:\/\/teste.nkoisas.pt\/index.php\/produto\/balanca-comercial-30kg-com-impressora\/","title":{"rendered":"Balan\u00e7a Comercial 30KG com Impressora"},"content":{"rendered":"<p>Caracter\u00edsticas t\u00e9cnicas<br \/>\n&#8211; Balan\u00e7a de pesos e pre\u00e7os.<br \/>\n-Aprova\u00e7\u00e3o do modelo CE com verifica\u00e7\u00e3o da s\u00e9rie.<br \/>\n&#8211; Caixa em ABS.<br \/>\n&#8211; Placa em a\u00e7o inoxid\u00e1vel.<br \/>\n&#8211; Coluna com ecr\u00e3 em ambos os lados.<br \/>\n&#8211; Coluna em alum\u00ednio pintado e base em ABS.<br \/>\n&#8211; Ecr\u00e3s individuais para peso, pre\u00e7o unit\u00e1rio e pre\u00e7o total.<br \/>\n&#8211; Totaliza as vendas de 1 vendedor.<br \/>\n&#8211; Ecr\u00e3s LCD retroiluminados.<br \/>\n-28 teclas de pre\u00e7os memorizados diretamente e 71 PLU adicionais.<br \/>\n&#8211; Disp\u00f5e de teclas \u00d1 e C.<br \/>\n&#8211; Bateria interna recarreg\u00e1vel de 6V. At\u00e9 200 horas de autonomia da bateria (e 12 horas de carregamento).<br \/>\n&#8211; Temperatura de funcionamento: -10\u00b0C + 40\u00b0C.<br \/>\n-Fonte de alimenta\u00e7\u00e3o principal com adaptador AC\/DC 100-240V AC 50\/60Hz.<br \/>\n&#8211; Abertura autom\u00e1tica da gaveta por chave (acess\u00f3rio para gaveta de moedas dispon\u00edvel).<br \/>\n&#8211; Menu configur\u00e1vel independente: para o c\u00e1lculo da comuta\u00e7\u00e3o (ativo\/desativado) e para a abertura autom\u00e1tica da gaveta durante o funcionamento (ativo\/desativado).<br \/>\n(ativo\/desativado).<br \/>\n&#8211; Impressora incorporada. Largura do papel 57 mm e 051 mm.<br \/>\n-Tecla de avan\u00e7o direto do papel.<br \/>\n&#8211; Cabe\u00e7alhos de tal\u00f5es configur\u00e1veis alfanumericamente. Cabe\u00e7alho de quatro linhas e rodap\u00e9 de uma linha.<br \/>\n&#8211; Idiomas de impress\u00e3o: ingl\u00eas, franc\u00eas, espanhol, portugu\u00eas e italiano.<br \/>\n&#8211; Per\u00edodo de relat\u00f3rio de vendas (dias inteiros) e cabe\u00e7alho seleccion\u00e1veis.<br \/>\n&#8211; Formatos de impress\u00e3o de relat\u00f3rios:<br \/>\n-Vendas por tipo, agrupadas por PLU&#8217;s, pe\u00e7as, quilogramas. Com informa\u00e7\u00e3o da soma total e do montante total do IVA.<br \/>\n&#8211; Mostra linha a linha todas as opera\u00e7\u00f5es efectuadas. Inclui subtotal e total (sem discrimina\u00e7\u00e3o do IVA).<br \/>\n&#8211; Impress\u00e3o com discrimina\u00e7\u00e3o do IVA.<\/p>\n<p>Fun\u00e7\u00f5es<br \/>\n&#8211; Acumula\u00e7\u00e3o<br \/>\n&#8211; Totaliza as vendas de 1 vendedor<\/p>\n<p>Dados t\u00e9cnicos<br \/>\n&#8211; Capacidade: 30kg<br \/>\n&#8211; Fra\u00e7\u00e3o: 10g<br \/>\n&#8211; Dimens\u00f5es do prato: 365\u00d7235mm<br \/>\n&#8211; Tens\u00e3o: 230V<br \/>\n&#8211; Peso: 9kg<br \/>\n&#8211; Dimens\u00f5es: 370\u00d7410\u00d7470mm<\/p>\n\n    <div class=\"xs_social_share_widget xs_share_url after_content \t\tmain_content  wslu-style-1 wslu-share-box-shaped wslu-fill-colored wslu-none wslu-share-horizontal wslu-theme-font-no wslu-main_content\">\n\n\t\t\n        <ul>\n\t\t\t        <\/ul>\n    <\/div> \n","protected":false},"excerpt":{"rendered":"<p>Balan\u00e7a Comercial 30KG com Impressora<\/p>\n<p>Equipamento dispon\u00edvel para aluguer.<br \/>\nPara um or\u00e7amento mais detalhado entre em contacto connosco via WhatsApp.<\/p>\n","protected":false},"featured_media":14727,"comment_status":"closed","ping_status":"closed","template":"","meta":{"postBodyCss":"","postBodyMargin":[],"postBodyPadding":[],"postBodyBackground":{"backgroundType":"classic","gradient":""}},"product_brand":[],"product_cat":[51,78,47],"product_tag":[1110],"class_list":{"0":"post-14726","1":"product","2":"type-product","3":"status-publish","4":"has-post-thumbnail","6":"product_cat-equipamentos-de-cozinha-confeccao","7":"product_cat-preparacao-de-alimentos","8":"product_cat-produtos-novos","9":"product_tag-climahostelaria_rti30","11":"first","12":"instock","13":"taxable","14":"shipping-taxable","15":"purchasable","16":"product-type-simple"},"_links":{"self":[{"href":"https:\/\/teste.nkoisas.pt\/index.php\/wp-json\/wp\/v2\/product\/14726","targetHints":{"allow":["GET"]}}],"collection":[{"href":"https:\/\/teste.nkoisas.pt\/index.php\/wp-json\/wp\/v2\/product"}],"about":[{"href":"https:\/\/teste.nkoisas.pt\/index.php\/wp-json\/wp\/v2\/types\/product"}],"replies":[{"embeddable":true,"href":"https:\/\/teste.nkoisas.pt\/index.php\/wp-json\/wp\/v2\/comments?post=14726"}],"wp:featuredmedia":[{"embeddable":true,"href":"https:\/\/teste.nkoisas.pt\/index.php\/wp-json\/wp\/v2\/media\/14727"}],"wp:attachment":[{"href":"https:\/\/teste.nkoisas.pt\/index.php\/wp-json\/wp\/v2\/media?parent=14726"}],"wp:term":[{"taxonomy":"product_brand","embeddable":true,"href":"https:\/\/teste.nkoisas.pt\/index.php\/wp-json\/wp\/v2\/product_brand?post=14726"},{"taxonomy":"product_cat","embeddable":true,"href":"https:\/\/teste.nkoisas.pt\/index.php\/wp-json\/wp\/v2\/product_cat?post=14726"},{"taxonomy":"product_tag","embeddable":true,"href":"https:\/\/teste.nkoisas.pt\/index.php\/wp-json\/wp\/v2\/product_tag?post=14726"}],"curies":[{"name":"wp","href":"https:\/\/api.w.org\/{rel}","templated":true}]}}