{"id":14735,"date":"2024-07-26T10:03:00","date_gmt":"2024-07-26T10:03:00","guid":{"rendered":"https:\/\/teste.nkoisas.pt\/?post_type=product&#038;p=14735"},"modified":"2026-03-12T14:44:14","modified_gmt":"2026-03-12T14:44:14","slug":"cozedor-de-massas-eletrico-profissional-7-litros-com-3-cestos-270x460x370mm","status":"publish","type":"product","link":"https:\/\/teste.nkoisas.pt\/index.php\/produto\/cozedor-de-massas-eletrico-profissional-7-litros-com-3-cestos-270x460x370mm\/","title":{"rendered":"Cozedor de Massas El\u00e9trico Profissional 7 Litros com 3 cestos 270X460X370mm"},"content":{"rendered":"<p>Caracter\u00edsticas t\u00e9cnicas<br \/>\n&#8211; Cozedor de massas el\u00e9trico de mesa profissional com ta\u00e7a GN1\/2.<br \/>\n&#8211; O aparelho de cozedura \u00e9 ideal para restaurantes e estabelecimentos de fast food e ajud\u00e1-lo-\u00e1 a otimizar os processos de produ\u00e7\u00e3o de forma sustent\u00e1vel.<br \/>\n&#8211; Cabe\u00e7a el\u00e9ctrica totalmente estanque e amov\u00edvel.<br \/>\n&#8211; Interruptor de ligar\/desligar para controlar a alimenta\u00e7\u00e3o el\u00e9ctrica principal e indicador luminoso de estado &#8220;ON&#8221;.<br \/>\n&#8211; Term\u00f3stato de controlo (at\u00e9 110\u00b0C) e luz indicadora do funcionamento do term\u00f3stato.<br \/>\n&#8211; Term\u00f3stato de seguran\u00e7a de alta qualidade com rearme manual.<br \/>\n&#8211; Elementos de aquecimento blindados em a\u00e7o inoxid\u00e1vel.<br \/>\n&#8211; F\u00e1cil de limpar gra\u00e7as \u00e0 constru\u00e7\u00e3o em a\u00e7o inoxid\u00e1vel e \u00e0 torneira de drenagem integrada em cada dep\u00f3sito.<br \/>\n&#8211; Fornecido com 3 cestos de a\u00e7o inoxid\u00e1vel por dep\u00f3sito.<\/p>\n<p>Dados t\u00e9cnicos<br \/>\n&#8211; Capacidade: 7 litros<br \/>\n&#8211; Temperatura: 30 &#8211; 110 (\u00b0C)<br \/>\n&#8211; Pot\u00eancia: 3,2 kW<br \/>\n&#8211; Tens\u00e3o: 230 W<br \/>\n&#8211; Dimens\u00f5es do cesto: 95x125x130 (LxPxA) mm<br \/>\n&#8211; Dimens\u00f5es: 270x460x370 (LxPxA) mm<\/p>\n\n    <div class=\"xs_social_share_widget xs_share_url after_content \t\tmain_content  wslu-style-1 wslu-share-box-shaped wslu-fill-colored wslu-none wslu-share-horizontal wslu-theme-font-no wslu-main_content\">\n\n\t\t\n        <ul>\n\t\t\t        <\/ul>\n    <\/div> \n","protected":false},"excerpt":{"rendered":"<p>Cozedor de Massas El\u00e9trico Profissional 7 Litros com 3 cestos 270X460X370mm<br \/>\n&#8211; Capacidade: 7 litros<br \/>\n&#8211; Temperatura: 30 &#8211; 110 (\u00b0C)<br \/>\n&#8211; Pot\u00eancia: 3,2 kW<br \/>\n&#8211; Tens\u00e3o: 230 W<br \/>\n&#8211; Dimens\u00f5es do cesto: 95x125x130 (LxPxA) mm<br \/>\n&#8211; Dimens\u00f5es: 270x460x370 (LxPxA) mm<\/p>\n<p>Equipamento dispon\u00edvel para aluguer.<br \/>\nPara um or\u00e7amento mais detalhado entre em contacto connosco via WhatsApp.<\/p>\n","protected":false},"featured_media":14736,"comment_status":"closed","ping_status":"closed","template":"","meta":{"postBodyCss":"","postBodyMargin":[],"postBodyPadding":[],"postBodyBackground":{"backgroundType":"classic","gradient":""}},"product_brand":[],"product_cat":[51,78,47],"product_tag":[1115],"class_list":{"0":"post-14735","1":"product","2":"type-product","3":"status-publish","4":"has-post-thumbnail","6":"product_cat-equipamentos-de-cozinha-confeccao","7":"product_cat-preparacao-de-alimentos","8":"product_cat-produtos-novos","9":"product_tag-climahostelaria_cp7l","11":"first","12":"instock","13":"taxable","14":"shipping-taxable","15":"purchasable","16":"product-type-simple"},"_links":{"self":[{"href":"https:\/\/teste.nkoisas.pt\/index.php\/wp-json\/wp\/v2\/product\/14735","targetHints":{"allow":["GET"]}}],"collection":[{"href":"https:\/\/teste.nkoisas.pt\/index.php\/wp-json\/wp\/v2\/product"}],"about":[{"href":"https:\/\/teste.nkoisas.pt\/index.php\/wp-json\/wp\/v2\/types\/product"}],"replies":[{"embeddable":true,"href":"https:\/\/teste.nkoisas.pt\/index.php\/wp-json\/wp\/v2\/comments?post=14735"}],"wp:featuredmedia":[{"embeddable":true,"href":"https:\/\/teste.nkoisas.pt\/index.php\/wp-json\/wp\/v2\/media\/14736"}],"wp:attachment":[{"href":"https:\/\/teste.nkoisas.pt\/index.php\/wp-json\/wp\/v2\/media?parent=14735"}],"wp:term":[{"taxonomy":"product_brand","embeddable":true,"href":"https:\/\/teste.nkoisas.pt\/index.php\/wp-json\/wp\/v2\/product_brand?post=14735"},{"taxonomy":"product_cat","embeddable":true,"href":"https:\/\/teste.nkoisas.pt\/index.php\/wp-json\/wp\/v2\/product_cat?post=14735"},{"taxonomy":"product_tag","embeddable":true,"href":"https:\/\/teste.nkoisas.pt\/index.php\/wp-json\/wp\/v2\/product_tag?post=14735"}],"curies":[{"name":"wp","href":"https:\/\/api.w.org\/{rel}","templated":true}]}}