{"id":14747,"date":"2024-07-26T10:03:04","date_gmt":"2024-07-26T10:03:04","guid":{"rendered":"https:\/\/teste.nkoisas.pt\/?post_type=product&#038;p=14747"},"modified":"2026-03-12T14:44:17","modified_gmt":"2026-03-12T14:44:17","slug":"banho-maria-gn-1-1-400x700x250mm","status":"publish","type":"product","link":"https:\/\/teste.nkoisas.pt\/index.php\/produto\/banho-maria-gn-1-1-400x700x250mm\/","title":{"rendered":"Banho Maria GN 1\/1 400X700X250mm"},"content":{"rendered":"<p>Caracter\u00edsticas t\u00e9cnicas<br \/>\n&#8211; Sistema de controlo intuitivo, com comandos ergon\u00f3micos.<br \/>\n&#8211; Indicadores de funcionamento e de alimenta\u00e7\u00e3o el\u00e9ctrica.<br \/>\n&#8211; Sistema de prote\u00e7\u00e3o do dispositivo acess\u00edvel a partir do painel de controlo.<br \/>\n&#8211; Regula\u00e7\u00e3o da temperatura num intervalo entre 30 e 95\u00b0C.<br \/>\n&#8211; Drenagem segura da \u00e1gua.<br \/>\n&#8211; Dimens\u00f5es do compartimento: 306x508x155 mm.<br \/>\n&#8211; Possibilidade de montagem sobre base sem cantos, com cantos e costas, com portas.<br \/>\n&#8211; P\u00e9s regul\u00e1veis (20 mm).<br \/>\n&#8211; De s\u00e9rie com bacias GN1\/1 &#8211; 150 mm.<\/p>\n<p>Dados t\u00e9cnicos<br \/>\n&#8211; Pot\u00eancia: 0,8 kW<br \/>\n&#8211; Capacidade: 1 unid. GN 1\/1-150<br \/>\n&#8211; Tens\u00e3o: 230 V<br \/>\n&#8211; Dimens\u00f5es: 400x700x250 (LxPxA) mm<\/p>\n\n    <div class=\"xs_social_share_widget xs_share_url after_content \t\tmain_content  wslu-style-1 wslu-share-box-shaped wslu-fill-colored wslu-none wslu-share-horizontal wslu-theme-font-no wslu-main_content\">\n\n\t\t\n        <ul>\n\t\t\t        <\/ul>\n    <\/div> \n","protected":false},"excerpt":{"rendered":"<p>Banho Maria GN 1\/1 400X700X250mm<br \/>\n&#8211; Pot\u00eancia: 0,8 kW<br \/>\n&#8211; Capacidade: 1 unid. GN 1\/1-150<br \/>\n&#8211; Tens\u00e3o: 230 V<br \/>\n&#8211; Dimens\u00f5es: 400x700x250 (LxPxA) mm<\/p>\n<p>Equipamento dispon\u00edvel para aluguer.<br \/>\nPara um or\u00e7amento mais detalhado entre em contacto connosco via WhatsApp.<\/p>\n","protected":false},"featured_media":14748,"comment_status":"closed","ping_status":"closed","template":"","meta":{"postBodyCss":"","postBodyMargin":[],"postBodyPadding":[],"postBodyBackground":{"backgroundType":"classic","gradient":""}},"product_brand":[],"product_cat":[51,78,47],"product_tag":[1119],"class_list":{"0":"post-14747","1":"product","2":"type-product","3":"status-publish","4":"has-post-thumbnail","6":"product_cat-equipamentos-de-cozinha-confeccao","7":"product_cat-preparacao-de-alimentos","8":"product_cat-produtos-novos","9":"product_tag-climahostelaria_9720000","11":"first","12":"instock","13":"taxable","14":"shipping-taxable","15":"purchasable","16":"product-type-simple"},"_links":{"self":[{"href":"https:\/\/teste.nkoisas.pt\/index.php\/wp-json\/wp\/v2\/product\/14747","targetHints":{"allow":["GET"]}}],"collection":[{"href":"https:\/\/teste.nkoisas.pt\/index.php\/wp-json\/wp\/v2\/product"}],"about":[{"href":"https:\/\/teste.nkoisas.pt\/index.php\/wp-json\/wp\/v2\/types\/product"}],"replies":[{"embeddable":true,"href":"https:\/\/teste.nkoisas.pt\/index.php\/wp-json\/wp\/v2\/comments?post=14747"}],"wp:featuredmedia":[{"embeddable":true,"href":"https:\/\/teste.nkoisas.pt\/index.php\/wp-json\/wp\/v2\/media\/14748"}],"wp:attachment":[{"href":"https:\/\/teste.nkoisas.pt\/index.php\/wp-json\/wp\/v2\/media?parent=14747"}],"wp:term":[{"taxonomy":"product_brand","embeddable":true,"href":"https:\/\/teste.nkoisas.pt\/index.php\/wp-json\/wp\/v2\/product_brand?post=14747"},{"taxonomy":"product_cat","embeddable":true,"href":"https:\/\/teste.nkoisas.pt\/index.php\/wp-json\/wp\/v2\/product_cat?post=14747"},{"taxonomy":"product_tag","embeddable":true,"href":"https:\/\/teste.nkoisas.pt\/index.php\/wp-json\/wp\/v2\/product_tag?post=14747"}],"curies":[{"name":"wp","href":"https:\/\/api.w.org\/{rel}","templated":true}]}}