{"id":1567,"date":"2021-12-23T16:51:35","date_gmt":"2021-12-23T16:51:35","guid":{"rendered":"https:\/\/teste.nkoisas.pt\/?post_type=product&#038;p=1567"},"modified":"2026-03-12T14:32:46","modified_gmt":"2026-03-12T14:32:46","slug":"movel-combinado-de-cachorros-e-hamburguer-1630x1090x1490","status":"publish","type":"product","link":"https:\/\/teste.nkoisas.pt\/index.php\/produto\/movel-combinado-de-cachorros-e-hamburguer-1630x1090x1490\/","title":{"rendered":"&#8216;- M\u00f3vel combinado de cachorros e hamb\u00farguer"},"content":{"rendered":"<p><strong>M\u00f3vel combinado de cachorros e hamb\u00farguer<\/strong><\/p>\n<p><strong>Refrigerado\u00a0<\/strong><\/p>\n<p><strong>Pot\u00eancia: 1035W<\/strong><\/p>\n<p><strong>Portas: 2\u00a0<\/strong><\/p>\n<p><strong>Garantia: 1 ano<\/strong><\/p>\n<p><strong>Monof\u00e1sico<\/strong><\/p>\n<p><strong>US62<\/strong><\/p>\n\n    <div class=\"xs_social_share_widget xs_share_url after_content \t\tmain_content  wslu-style-1 wslu-share-box-shaped wslu-fill-colored wslu-none wslu-share-horizontal wslu-theme-font-no wslu-main_content\">\n\n\t\t\n        <ul>\n\t\t\t        <\/ul>\n    <\/div> \n","protected":false},"excerpt":{"rendered":"<p>M\u00f3vel combinado de cachorros e hamb\u00farguers<\/p>\n<p>Medidas: 1630x930x890\/1330<\/p>\n","protected":false},"featured_media":1568,"comment_status":"closed","ping_status":"closed","template":"","meta":{"postBodyCss":"","postBodyMargin":[],"postBodyPadding":[],"postBodyBackground":{"backgroundType":"classic","gradient":""}},"product_brand":[],"product_cat":[26,29,30,25,18,20],"product_tag":[31,23],"class_list":{"0":"post-1567","1":"product","2":"type-product","3":"status-publish","4":"has-post-thumbnail","6":"product_cat-aquecimento2","7":"product_cat-bancadas-refrigeradas","8":"product_cat-equipamentos","9":"product_cat-equipamentos-de-cozinha","10":"product_cat-produtos-usados","11":"product_cat-refrigeracao2","12":"product_tag-randell","13":"product_tag-verificado","15":"first","16":"instock","17":"sale","18":"purchasable","19":"product-type-simple"},"_links":{"self":[{"href":"https:\/\/teste.nkoisas.pt\/index.php\/wp-json\/wp\/v2\/product\/1567","targetHints":{"allow":["GET"]}}],"collection":[{"href":"https:\/\/teste.nkoisas.pt\/index.php\/wp-json\/wp\/v2\/product"}],"about":[{"href":"https:\/\/teste.nkoisas.pt\/index.php\/wp-json\/wp\/v2\/types\/product"}],"replies":[{"embeddable":true,"href":"https:\/\/teste.nkoisas.pt\/index.php\/wp-json\/wp\/v2\/comments?post=1567"}],"wp:featuredmedia":[{"embeddable":true,"href":"https:\/\/teste.nkoisas.pt\/index.php\/wp-json\/wp\/v2\/media\/1568"}],"wp:attachment":[{"href":"https:\/\/teste.nkoisas.pt\/index.php\/wp-json\/wp\/v2\/media?parent=1567"}],"wp:term":[{"taxonomy":"product_brand","embeddable":true,"href":"https:\/\/teste.nkoisas.pt\/index.php\/wp-json\/wp\/v2\/product_brand?post=1567"},{"taxonomy":"product_cat","embeddable":true,"href":"https:\/\/teste.nkoisas.pt\/index.php\/wp-json\/wp\/v2\/product_cat?post=1567"},{"taxonomy":"product_tag","embeddable":true,"href":"https:\/\/teste.nkoisas.pt\/index.php\/wp-json\/wp\/v2\/product_tag?post=1567"}],"curies":[{"name":"wp","href":"https:\/\/api.w.org\/{rel}","templated":true}]}}