{"id":18986,"date":"2025-11-20T21:33:53","date_gmt":"2025-11-20T21:33:53","guid":{"rendered":"https:\/\/teste.nkoisas.pt\/?post_type=product&#038;p=18986"},"modified":"2026-03-12T14:51:56","modified_gmt":"2026-03-12T14:51:56","slug":"placa-de-inducao-de-1-boca-2000w","status":"publish","type":"product","link":"https:\/\/teste.nkoisas.pt\/index.php\/produto\/placa-de-inducao-de-1-boca-2000w\/","title":{"rendered":"Placa de Indu\u00e7\u00e3o de 1 Boca 2000W"},"content":{"rendered":"<p>Caracter\u00edsticas:<br \/>\n&#8211; Placa de indu\u00e7\u00e3o projetada especificamente para cozinhar uma ampla variedade de pratos usando v\u00e1rios tipos de panelas. Uma solu\u00e7\u00e3o perfeita para servi\u00e7os de alimenta\u00e7\u00e3o e estabelecimentos de varejo.<br \/>\n&#8211; Vem com cron\u00f4metro de at\u00e9 120 minutos<br \/>\n&#8211; Oferece 9 n\u00edveis de pot\u00eancia de aquecimento<br \/>\n&#8211; Fornece uma faixa de temperatura de 60\u00baC a 280\u00baC<br \/>\n&#8211; Equipado com prote\u00e7\u00e3o contra superaquecimento para opera\u00e7\u00e3o segura<br \/>\n&#8211; Apresenta um painel de controlo de toque<br \/>\n&#8211; Suporta uma carga m\u00e1xima de 25 kg<\/p>\n<p>Dados t\u00e9cnicos:<br \/>\n&#8211; Pot\u00eancia: 2000W<br \/>\n&#8211; Faixa de temperatura: 60-280 \u00baC<br \/>\n&#8211; Dimens\u00f5es: 370x290x35mm<br \/>\n&#8211; Peso: 2kg<\/p>\n\n    <div class=\"xs_social_share_widget xs_share_url after_content \t\tmain_content  wslu-style-1 wslu-share-box-shaped wslu-fill-colored wslu-none wslu-share-horizontal wslu-theme-font-no wslu-main_content\">\n\n\t\t\n        <ul>\n\t\t\t        <\/ul>\n    <\/div> \n","protected":false},"excerpt":{"rendered":"<p>Placa de Indu\u00e7\u00e3o de 1 Boca 2000W<br \/>\n&#8211; Pot\u00eancia: 2000W<br \/>\n&#8211; Faixa de temperatura: 60-280 \u00baC<\/p>\n<p>Equipamento dispon\u00edvel para aluguer.<br \/>\nPara um or\u00e7amento mais detalhado entre em contacto connosco via WhatsApp.<\/p>\n","protected":false},"featured_media":18987,"comment_status":"closed","ping_status":"closed","template":"","meta":{"postBodyCss":"","postBodyMargin":[],"postBodyPadding":[],"postBodyBackground":{"backgroundType":"classic","gradient":""}},"product_brand":[],"product_cat":[51,73,47],"product_tag":[1731],"class_list":{"0":"post-18986","1":"product","2":"type-product","3":"status-publish","4":"has-post-thumbnail","6":"product_cat-equipamentos-de-cozinha-confeccao","7":"product_cat-fogoes-equipamentos-de-cozinha-confeccao","8":"product_cat-produtos-novos","9":"product_tag-equip_hkn-icf18t","11":"first","12":"instock","13":"sale","14":"taxable","15":"shipping-taxable","16":"purchasable","17":"product-type-simple"},"_links":{"self":[{"href":"https:\/\/teste.nkoisas.pt\/index.php\/wp-json\/wp\/v2\/product\/18986","targetHints":{"allow":["GET"]}}],"collection":[{"href":"https:\/\/teste.nkoisas.pt\/index.php\/wp-json\/wp\/v2\/product"}],"about":[{"href":"https:\/\/teste.nkoisas.pt\/index.php\/wp-json\/wp\/v2\/types\/product"}],"replies":[{"embeddable":true,"href":"https:\/\/teste.nkoisas.pt\/index.php\/wp-json\/wp\/v2\/comments?post=18986"}],"wp:featuredmedia":[{"embeddable":true,"href":"https:\/\/teste.nkoisas.pt\/index.php\/wp-json\/wp\/v2\/media\/18987"}],"wp:attachment":[{"href":"https:\/\/teste.nkoisas.pt\/index.php\/wp-json\/wp\/v2\/media?parent=18986"}],"wp:term":[{"taxonomy":"product_brand","embeddable":true,"href":"https:\/\/teste.nkoisas.pt\/index.php\/wp-json\/wp\/v2\/product_brand?post=18986"},{"taxonomy":"product_cat","embeddable":true,"href":"https:\/\/teste.nkoisas.pt\/index.php\/wp-json\/wp\/v2\/product_cat?post=18986"},{"taxonomy":"product_tag","embeddable":true,"href":"https:\/\/teste.nkoisas.pt\/index.php\/wp-json\/wp\/v2\/product_tag?post=18986"}],"curies":[{"name":"wp","href":"https:\/\/api.w.org\/{rel}","templated":true}]}}