{"id":19235,"date":"2025-12-14T14:56:09","date_gmt":"2025-12-14T14:56:09","guid":{"rendered":"https:\/\/teste.nkoisas.pt\/?post_type=product&#038;p=19235"},"modified":"2026-03-12T14:52:00","modified_gmt":"2026-03-12T14:52:00","slug":"aparador-com-3-portas-e-prateleira-castanho-rustico","status":"publish","type":"product","link":"https:\/\/teste.nkoisas.pt\/index.php\/produto\/aparador-com-3-portas-e-prateleira-castanho-rustico\/","title":{"rendered":"Aparador com 3 Portas e Prateleira Castanho R\u00fastico"},"content":{"rendered":"<p>Caracter\u00edsticas:<br \/>\n&#8211; P\u00e9s firmes: os arm\u00e1rios que oscilam n\u00e3o s\u00e3o bons para o armazenamento. Equipado com p\u00e9s ajust\u00e1veis, este arm\u00e1rio de ch\u00e3o pode manter-se sempre est\u00e1vel, bem colocado e em paz com o ch\u00e3o com pequenos desn\u00edveis<\/p>\n<p>Dados t\u00e9cnicos:<br \/>\n&#8211; Cor: Castanho r\u00fastico, preto<br \/>\n&#8211; Material: a\u00e7o<br \/>\n&#8211; Dimens\u00f5es: 110x33x75cm<br \/>\n&#8211; Peso: 26.7 kg<br \/>\n&#8211; Capacidade de carga: 30 kg<\/p>\n\n    <div class=\"xs_social_share_widget xs_share_url after_content \t\tmain_content  wslu-style-1 wslu-share-box-shaped wslu-fill-colored wslu-none wslu-share-horizontal wslu-theme-font-no wslu-main_content\">\n\n\t\t\n        <ul>\n\t\t\t        <\/ul>\n    <\/div> \n","protected":false},"excerpt":{"rendered":"<p>Aparador com 3 Portas e Prateleira Castanho R\u00fastico<br \/>\n&#8211; Dimens\u00f5es: 110x33x75cm<\/p>\n<p>Equipamento dispon\u00edvel para aluguer.<br \/>\nPara um or\u00e7amento mais detalhado entre em contacto connosco via WhatsApp.<\/p>\n","protected":false},"featured_media":19236,"comment_status":"closed","ping_status":"closed","template":"","meta":{"postBodyCss":"","postBodyMargin":[],"postBodyPadding":[],"postBodyBackground":{"backgroundType":"classic","gradient":""}},"product_brand":[],"product_cat":[1388,634,47],"product_tag":[1737],"class_list":{"0":"post-19235","1":"product","2":"type-product","3":"status-publish","4":"has-post-thumbnail","6":"product_cat-aparadores","7":"product_cat-mobiliario-diverso-produtos-novos","8":"product_cat-produtos-novos","9":"product_tag-amazon_b08lymhy6q-castanho-rustico","11":"first","12":"instock","13":"taxable","14":"shipping-taxable","15":"purchasable","16":"product-type-simple"},"_links":{"self":[{"href":"https:\/\/teste.nkoisas.pt\/index.php\/wp-json\/wp\/v2\/product\/19235","targetHints":{"allow":["GET"]}}],"collection":[{"href":"https:\/\/teste.nkoisas.pt\/index.php\/wp-json\/wp\/v2\/product"}],"about":[{"href":"https:\/\/teste.nkoisas.pt\/index.php\/wp-json\/wp\/v2\/types\/product"}],"replies":[{"embeddable":true,"href":"https:\/\/teste.nkoisas.pt\/index.php\/wp-json\/wp\/v2\/comments?post=19235"}],"wp:featuredmedia":[{"embeddable":true,"href":"https:\/\/teste.nkoisas.pt\/index.php\/wp-json\/wp\/v2\/media\/19236"}],"wp:attachment":[{"href":"https:\/\/teste.nkoisas.pt\/index.php\/wp-json\/wp\/v2\/media?parent=19235"}],"wp:term":[{"taxonomy":"product_brand","embeddable":true,"href":"https:\/\/teste.nkoisas.pt\/index.php\/wp-json\/wp\/v2\/product_brand?post=19235"},{"taxonomy":"product_cat","embeddable":true,"href":"https:\/\/teste.nkoisas.pt\/index.php\/wp-json\/wp\/v2\/product_cat?post=19235"},{"taxonomy":"product_tag","embeddable":true,"href":"https:\/\/teste.nkoisas.pt\/index.php\/wp-json\/wp\/v2\/product_tag?post=19235"}],"curies":[{"name":"wp","href":"https:\/\/api.w.org\/{rel}","templated":true}]}}