{"id":19237,"date":"2025-12-14T14:56:10","date_gmt":"2025-12-14T14:56:10","guid":{"rendered":"https:\/\/teste.nkoisas.pt\/?post_type=product&#038;p=19237"},"modified":"2026-03-12T14:52:00","modified_gmt":"2026-03-12T14:52:00","slug":"pack-2-bancos-de-bar-castanho-rustico","status":"publish","type":"product","link":"https:\/\/teste.nkoisas.pt\/index.php\/produto\/pack-2-bancos-de-bar-castanho-rustico\/","title":{"rendered":"Pack 2 Bancos de Bar Castanho R\u00fastico"},"content":{"rendered":"<p>Caracter\u00edsticas:<br \/>\n&#8211; Os pain\u00e9is castanhos r\u00fasticos infundem um ambiente moderno, as arma\u00e7\u00f5es de a\u00e7o trazem eleg\u00e2ncia, a superf\u00edcie lisa adiciona um toque sofisticado, estes bancos de bar s\u00e3o perfeitos para qualquer estilo de decora\u00e7\u00e3o, seja industrial ou minimalista<br \/>\n&#8211; Estas cadeiras t\u00eam tudo: assento macio, superf\u00edcie de PU, apoio para os p\u00e9s pr\u00e1ticos e encosto baixo. Pode instalar-se confortavelmente e estar na vanguarda das tend\u00eancias industriais<br \/>\n&#8211; Em 15 minutos, poder\u00e1 montar estes assentos gra\u00e7as \u00e0s pe\u00e7as numeradas, instru\u00e7\u00f5es ilustradas e \u00e0 ferramenta inclu\u00edda. Em pouco tempo, ter\u00e1 2 bancos de bar prontos para dar as boas-vindas a bons momentos a dois ao redor de uma bebida<br \/>\n&#8211; Estes bancos de bar s\u00e3o feitos de aglomerado de qualidade e a\u00e7o para garantir a m\u00e1xima estabilidade. Sente-se com confian\u00e7a e desfrute das suas refei\u00e7\u00f5es.<\/p>\n<p>Dados t\u00e9cnicos:<br \/>\n&#8211; Cor: Castanho r\u00fastico, preto<br \/>\n&#8211; Material: Placa de aglomerado, couro, esponja, a\u00e7o<br \/>\n&#8211; Dimens\u00f5es: 39x39x100 cm<br \/>\n&#8211; Altura do assento ao ch\u00e3o: 75.5 cm<br \/>\n&#8211; Peso total do produto: 9.6 kg<br \/>\n&#8211; Peso m\u00e1ximo de cada banco: 100 kg<\/p>\n\n    <div class=\"xs_social_share_widget xs_share_url after_content \t\tmain_content  wslu-style-1 wslu-share-box-shaped wslu-fill-colored wslu-none wslu-share-horizontal wslu-theme-font-no wslu-main_content\">\n\n\t\t\n        <ul>\n\t\t\t        <\/ul>\n    <\/div> \n","protected":false},"excerpt":{"rendered":"<p>Pack 2 Bancos de Bar Castanho R\u00fastico<br \/>\n&#8211; Dimens\u00f5es: 39x39x100 cm<\/p>\n<p>Equipamento dispon\u00edvel para aluguer.<br \/>\nPara um or\u00e7amento mais detalhado entre em contacto connosco via WhatsApp.<\/p>\n","protected":false},"featured_media":19238,"comment_status":"closed","ping_status":"closed","template":"","meta":{"postBodyCss":"","postBodyMargin":[],"postBodyPadding":[],"postBodyBackground":{"backgroundType":"classic","gradient":""}},"product_brand":[],"product_cat":[638,634,47],"product_tag":[1738],"class_list":{"0":"post-19237","1":"product","2":"type-product","3":"status-publish","4":"has-post-thumbnail","6":"product_cat-cadeiras-e-bancos-mobiliario-diverso-produtos-novos","7":"product_cat-mobiliario-diverso-produtos-novos","8":"product_cat-produtos-novos","9":"product_tag-amazon_b08fd7kyv4","11":"first","12":"instock","13":"taxable","14":"shipping-taxable","15":"purchasable","16":"product-type-simple"},"_links":{"self":[{"href":"https:\/\/teste.nkoisas.pt\/index.php\/wp-json\/wp\/v2\/product\/19237","targetHints":{"allow":["GET"]}}],"collection":[{"href":"https:\/\/teste.nkoisas.pt\/index.php\/wp-json\/wp\/v2\/product"}],"about":[{"href":"https:\/\/teste.nkoisas.pt\/index.php\/wp-json\/wp\/v2\/types\/product"}],"replies":[{"embeddable":true,"href":"https:\/\/teste.nkoisas.pt\/index.php\/wp-json\/wp\/v2\/comments?post=19237"}],"wp:featuredmedia":[{"embeddable":true,"href":"https:\/\/teste.nkoisas.pt\/index.php\/wp-json\/wp\/v2\/media\/19238"}],"wp:attachment":[{"href":"https:\/\/teste.nkoisas.pt\/index.php\/wp-json\/wp\/v2\/media?parent=19237"}],"wp:term":[{"taxonomy":"product_brand","embeddable":true,"href":"https:\/\/teste.nkoisas.pt\/index.php\/wp-json\/wp\/v2\/product_brand?post=19237"},{"taxonomy":"product_cat","embeddable":true,"href":"https:\/\/teste.nkoisas.pt\/index.php\/wp-json\/wp\/v2\/product_cat?post=19237"},{"taxonomy":"product_tag","embeddable":true,"href":"https:\/\/teste.nkoisas.pt\/index.php\/wp-json\/wp\/v2\/product_tag?post=19237"}],"curies":[{"name":"wp","href":"https:\/\/api.w.org\/{rel}","templated":true}]}}