{"id":19322,"date":"2025-12-17T20:55:12","date_gmt":"2025-12-17T20:55:12","guid":{"rendered":"https:\/\/teste.nkoisas.pt\/?post_type=product&#038;p=19322"},"modified":"2026-03-12T14:52:00","modified_gmt":"2026-03-12T14:52:00","slug":"forno-de-conveccao-com-4-tabuleiros-595x600x580mm","status":"publish","type":"product","link":"https:\/\/teste.nkoisas.pt\/index.php\/produto\/forno-de-conveccao-com-4-tabuleiros-595x600x580mm\/","title":{"rendered":"Forno de Convec\u00e7\u00e3o com 4 Tabuleiros &#8211; 595x600x580mm"},"content":{"rendered":"<p>Caracter\u00edsticas:<br \/>\n&#8211; Forno de convec\u00e7\u00e3o projetado para pequenas cozinhas comerciais, incluindo restaurantes, bares, caf\u00e9s e estabelecimentos de fast-food. Ideal para preparar produtos de carne, peixe, padaria e confeitaria. O forno garante uma distribui\u00e7\u00e3o r\u00e1pida e uniforme do calor por toda a c\u00e2mara, reduzindo significativamente o tempo de cozimento.<br \/>\n&#8211; Capacidade da c\u00e2mara de 57 litros<br \/>\n&#8211; Faixa de temperatura de 50\u00baC a 300\u00baC<\/p>\n<p>Dados t\u00e9cnicos:<br \/>\n&#8211; Capacidade: 4 x bandejas 435x305mm<br \/>\n&#8211; Pot\u00eancia: 2.52 kW<br \/>\n&#8211; Tens\u00e3o: 220V<br \/>\n&#8211; Dimens\u00f5es: 595x600x580 mm<br \/>\n&#8211; Peso: 36kg<\/p>\n\n    <div class=\"xs_social_share_widget xs_share_url after_content \t\tmain_content  wslu-style-1 wslu-share-box-shaped wslu-fill-colored wslu-none wslu-share-horizontal wslu-theme-font-no wslu-main_content\">\n\n\t\t\n        <ul>\n\t\t\t        <\/ul>\n    <\/div> \n","protected":false},"excerpt":{"rendered":"<p>Forno de Convec\u00e7\u00e3o com 4 Tabuleiros &#8211; 595x600x580mm<br \/>\n&#8211; Capacidade da c\u00e2mara de 57 litros<br \/>\n&#8211; Faixa de temperatura de 50\u00baC a 300\u00baC<\/p>\n<p>Equipamento dispon\u00edvel para aluguer.<br \/>\nPara um or\u00e7amento mais detalhado entre em contacto connosco via WhatsApp.<\/p>\n","protected":false},"featured_media":19323,"comment_status":"closed","ping_status":"closed","template":"","meta":{"postBodyCss":"","postBodyMargin":[],"postBodyPadding":[],"postBodyBackground":{"backgroundType":"classic","gradient":""}},"product_brand":[],"product_cat":[51,69,47],"product_tag":[1739],"class_list":{"0":"post-19322","1":"product","2":"type-product","3":"status-publish","4":"has-post-thumbnail","6":"product_cat-equipamentos-de-cozinha-confeccao","7":"product_cat-fornos-equipamentos-de-cozinha-confeccao","8":"product_cat-produtos-novos","9":"product_tag-equip_hkn-xft133m","11":"first","12":"instock","13":"sale","14":"taxable","15":"shipping-taxable","16":"purchasable","17":"product-type-simple"},"_links":{"self":[{"href":"https:\/\/teste.nkoisas.pt\/index.php\/wp-json\/wp\/v2\/product\/19322","targetHints":{"allow":["GET"]}}],"collection":[{"href":"https:\/\/teste.nkoisas.pt\/index.php\/wp-json\/wp\/v2\/product"}],"about":[{"href":"https:\/\/teste.nkoisas.pt\/index.php\/wp-json\/wp\/v2\/types\/product"}],"replies":[{"embeddable":true,"href":"https:\/\/teste.nkoisas.pt\/index.php\/wp-json\/wp\/v2\/comments?post=19322"}],"wp:featuredmedia":[{"embeddable":true,"href":"https:\/\/teste.nkoisas.pt\/index.php\/wp-json\/wp\/v2\/media\/19323"}],"wp:attachment":[{"href":"https:\/\/teste.nkoisas.pt\/index.php\/wp-json\/wp\/v2\/media?parent=19322"}],"wp:term":[{"taxonomy":"product_brand","embeddable":true,"href":"https:\/\/teste.nkoisas.pt\/index.php\/wp-json\/wp\/v2\/product_brand?post=19322"},{"taxonomy":"product_cat","embeddable":true,"href":"https:\/\/teste.nkoisas.pt\/index.php\/wp-json\/wp\/v2\/product_cat?post=19322"},{"taxonomy":"product_tag","embeddable":true,"href":"https:\/\/teste.nkoisas.pt\/index.php\/wp-json\/wp\/v2\/product_tag?post=19322"}],"curies":[{"name":"wp","href":"https:\/\/api.w.org\/{rel}","templated":true}]}}