{"id":19324,"date":"2025-12-17T20:55:22","date_gmt":"2025-12-17T20:55:22","guid":{"rendered":"https:\/\/teste.nkoisas.pt\/?post_type=product&#038;p=19324"},"modified":"2026-03-12T14:52:01","modified_gmt":"2026-03-12T14:52:01","slug":"placa-de-inducao-de-1-boca-3500w","status":"publish","type":"product","link":"https:\/\/teste.nkoisas.pt\/index.php\/produto\/placa-de-inducao-de-1-boca-3500w\/","title":{"rendered":"Placa de Indu\u00e7\u00e3o de 1 Boca 3500W"},"content":{"rendered":"<p>Caracter\u00edsticas:<br \/>\n&#8211; Projetado para uso em mesa<br \/>\n&#8211; Bloqueia automaticamente o consumo de energia quando os utens\u00edlios de cozinha s\u00e3o removidos<br \/>\n&#8211; Inclui um cron\u00f4metro de at\u00e9 120 minutos<br \/>\n&#8211; Oferece 13 n\u00edveis de pot\u00eancia de aquecimento<br \/>\n&#8211; Equipado com prote\u00e7\u00e3o contra superaquecimento para opera\u00e7\u00e3o segura<br \/>\n&#8211; Projetado com um painel de controlo de bot\u00e3o com navega\u00e7\u00e3o por joystick<br \/>\n&#8211; Suporta uma carga m\u00e1xima de 25 kg<br \/>\n&#8211; O aquecimento por pulso para automaticamente quando a temperatura atinge 140\u00baC ou o n\u00edvel de pot\u00eancia \u00e9 definido como 1500 W<br \/>\n&#8211; Constru\u00eddo com dois ventiladores<\/p>\n<p>Dados t\u00e9cnicos:<br \/>\n&#8211; Faixa de temperatura: 60\u00baC a 280\u00baC<br \/>\n&#8211; Pot\u00eancia: 3.5kW<br \/>\n&#8211; Dimens\u00f5es: 420x330x110mm<br \/>\n&#8211; Peso: 3kg<\/p>\n\n    <div class=\"xs_social_share_widget xs_share_url after_content \t\tmain_content  wslu-style-1 wslu-share-box-shaped wslu-fill-colored wslu-none wslu-share-horizontal wslu-theme-font-no wslu-main_content\">\n\n\t\t\n        <ul>\n\t\t\t        <\/ul>\n    <\/div> \n","protected":false},"excerpt":{"rendered":"<p>Placa de Indu\u00e7\u00e3o de 1 Boca 3500W<br \/>\n&#8211; Faixa de temperatura: 60\u00baC a 280\u00baC<br \/>\n&#8211; Pot\u00eancia: 3.5kW<\/p>\n<p>Equipamento dispon\u00edvel para aluguer.<br \/>\nPara um or\u00e7amento mais detalhado entre em contacto connosco via WhatsApp.<\/p>\n","protected":false},"featured_media":19325,"comment_status":"closed","ping_status":"closed","template":"","meta":{"postBodyCss":"","postBodyMargin":[],"postBodyPadding":[],"postBodyBackground":{"backgroundType":"classic","gradient":""}},"product_brand":[],"product_cat":[51,73,47],"product_tag":[1740],"class_list":{"0":"post-19324","1":"product","2":"type-product","3":"status-publish","4":"has-post-thumbnail","6":"product_cat-equipamentos-de-cozinha-confeccao","7":"product_cat-fogoes-equipamentos-de-cozinha-confeccao","8":"product_cat-produtos-novos","9":"product_tag-equip_hkn-icf35d","11":"first","12":"instock","13":"sale","14":"taxable","15":"shipping-taxable","16":"purchasable","17":"product-type-simple"},"_links":{"self":[{"href":"https:\/\/teste.nkoisas.pt\/index.php\/wp-json\/wp\/v2\/product\/19324","targetHints":{"allow":["GET"]}}],"collection":[{"href":"https:\/\/teste.nkoisas.pt\/index.php\/wp-json\/wp\/v2\/product"}],"about":[{"href":"https:\/\/teste.nkoisas.pt\/index.php\/wp-json\/wp\/v2\/types\/product"}],"replies":[{"embeddable":true,"href":"https:\/\/teste.nkoisas.pt\/index.php\/wp-json\/wp\/v2\/comments?post=19324"}],"wp:featuredmedia":[{"embeddable":true,"href":"https:\/\/teste.nkoisas.pt\/index.php\/wp-json\/wp\/v2\/media\/19325"}],"wp:attachment":[{"href":"https:\/\/teste.nkoisas.pt\/index.php\/wp-json\/wp\/v2\/media?parent=19324"}],"wp:term":[{"taxonomy":"product_brand","embeddable":true,"href":"https:\/\/teste.nkoisas.pt\/index.php\/wp-json\/wp\/v2\/product_brand?post=19324"},{"taxonomy":"product_cat","embeddable":true,"href":"https:\/\/teste.nkoisas.pt\/index.php\/wp-json\/wp\/v2\/product_cat?post=19324"},{"taxonomy":"product_tag","embeddable":true,"href":"https:\/\/teste.nkoisas.pt\/index.php\/wp-json\/wp\/v2\/product_tag?post=19324"}],"curies":[{"name":"wp","href":"https:\/\/api.w.org\/{rel}","templated":true}]}}