{"id":19326,"date":"2025-12-17T20:55:22","date_gmt":"2025-12-17T20:55:22","guid":{"rendered":"https:\/\/teste.nkoisas.pt\/?post_type=product&#038;p=19326"},"modified":"2026-03-12T14:52:03","modified_gmt":"2026-03-12T14:52:03","slug":"fritadeira-para-pastelaria-16l-3900w","status":"publish","type":"product","link":"https:\/\/teste.nkoisas.pt\/index.php\/produto\/fritadeira-para-pastelaria-16l-3900w\/","title":{"rendered":"Fritadeira para Pastelaria 16L 3900W"},"content":{"rendered":"<p>Caracter\u00edsticas:<br \/>\n&#8211; Fritadeira para pastelaria frita projetada para cozinhar pastelaria frita com efici\u00eancia em \u00f3leo aquecido. Ideal para bares, balc\u00f5es de buffet, caf\u00e9s e lojas de comida de rua.<br \/>\n&#8211; Tamanho da cesta: 580x280x85 mm<\/p>\n<p>Dados t\u00e9cnicos:<br \/>\n&#8211; Capacidade: 16L<br \/>\n&#8211; Pot\u00eancia: 3.9kW<br \/>\n&#8211; Faixa de temperatura: 50-190\u00baC<br \/>\n&#8211; Dimens\u00f5es: 540x730x265mm<br \/>\n&#8211; Peso: 10.9kg<\/p>\n\n    <div class=\"xs_social_share_widget xs_share_url after_content \t\tmain_content  wslu-style-1 wslu-share-box-shaped wslu-fill-colored wslu-none wslu-share-horizontal wslu-theme-font-no wslu-main_content\">\n\n\t\t\n        <ul>\n\t\t\t        <\/ul>\n    <\/div> \n","protected":false},"excerpt":{"rendered":"<p>Fritadeira para Pastelaria 16L 3900W<br \/>\n&#8211; Faixa de temperatura: 50-190\u00baC<\/p>\n<p>Equipamento dispon\u00edvel para aluguer.<br \/>\nPara um or\u00e7amento mais detalhado entre em contacto connosco via WhatsApp.<\/p>\n","protected":false},"featured_media":19327,"comment_status":"closed","ping_status":"closed","template":"","meta":{"postBodyCss":"","postBodyMargin":[],"postBodyPadding":[],"postBodyBackground":{"backgroundType":"classic","gradient":""}},"product_brand":[],"product_cat":[51,56,47],"product_tag":[1741],"class_list":{"0":"post-19326","1":"product","2":"type-product","3":"status-publish","4":"has-post-thumbnail","6":"product_cat-equipamentos-de-cozinha-confeccao","7":"product_cat-fritadeiras","8":"product_cat-produtos-novos","9":"product_tag-equip_hkn-ef16","11":"first","12":"instock","13":"sale","14":"taxable","15":"shipping-taxable","16":"purchasable","17":"product-type-simple"},"_links":{"self":[{"href":"https:\/\/teste.nkoisas.pt\/index.php\/wp-json\/wp\/v2\/product\/19326","targetHints":{"allow":["GET"]}}],"collection":[{"href":"https:\/\/teste.nkoisas.pt\/index.php\/wp-json\/wp\/v2\/product"}],"about":[{"href":"https:\/\/teste.nkoisas.pt\/index.php\/wp-json\/wp\/v2\/types\/product"}],"replies":[{"embeddable":true,"href":"https:\/\/teste.nkoisas.pt\/index.php\/wp-json\/wp\/v2\/comments?post=19326"}],"wp:featuredmedia":[{"embeddable":true,"href":"https:\/\/teste.nkoisas.pt\/index.php\/wp-json\/wp\/v2\/media\/19327"}],"wp:attachment":[{"href":"https:\/\/teste.nkoisas.pt\/index.php\/wp-json\/wp\/v2\/media?parent=19326"}],"wp:term":[{"taxonomy":"product_brand","embeddable":true,"href":"https:\/\/teste.nkoisas.pt\/index.php\/wp-json\/wp\/v2\/product_brand?post=19326"},{"taxonomy":"product_cat","embeddable":true,"href":"https:\/\/teste.nkoisas.pt\/index.php\/wp-json\/wp\/v2\/product_cat?post=19326"},{"taxonomy":"product_tag","embeddable":true,"href":"https:\/\/teste.nkoisas.pt\/index.php\/wp-json\/wp\/v2\/product_tag?post=19326"}],"curies":[{"name":"wp","href":"https:\/\/api.w.org\/{rel}","templated":true}]}}