{"id":19328,"date":"2025-12-17T20:55:23","date_gmt":"2025-12-17T20:55:23","guid":{"rendered":"https:\/\/teste.nkoisas.pt\/?post_type=product&#038;p=19328"},"modified":"2026-03-12T14:52:03","modified_gmt":"2026-03-12T14:52:03","slug":"maquina-de-waffle-em-coracoes-1200w","status":"publish","type":"product","link":"https:\/\/teste.nkoisas.pt\/index.php\/produto\/maquina-de-waffle-em-coracoes-1200w\/","title":{"rendered":"M\u00e1quina de Waffle em Cora\u00e7\u00f5es 1200W"},"content":{"rendered":"<p>Caracter\u00edsticas:<br \/>\n&#8211; M\u00e1quina de waffles de n\u00edvel profissional projetada para moldar e assar waffles sem esfor\u00e7o. Este produto \u00e9 uma solu\u00e7\u00e3o ideal para estabelecimentos especializados em servir uma variedade de waffles e doces em diferentes formas.<\/p>\n<p>Dados t\u00e9cnicos:<br \/>\n&#8211; Faixa de temperatura: 0-300\u00baC<br \/>\n&#8211; Pot\u00eancia: 1.2kW<br \/>\n&#8211; Dimens\u00f5es: 380x250x270mm<br \/>\n&#8211; Peso: 10.6kg<\/p>\n\n    <div class=\"xs_social_share_widget xs_share_url after_content \t\tmain_content  wslu-style-1 wslu-share-box-shaped wslu-fill-colored wslu-none wslu-share-horizontal wslu-theme-font-no wslu-main_content\">\n\n\t\t\n        <ul>\n\t\t\t        <\/ul>\n    <\/div> \n","protected":false},"excerpt":{"rendered":"<p>M\u00e1quina de Waffle em Cora\u00e7\u00f5es 1200W<br \/>\n&#8211; Faixa de temperatura: 0-300\u00baC<br \/>\n&#8211; Pot\u00eancia: 1.2kW<\/p>\n<p>Equipamento dispon\u00edvel para aluguer.<br \/>\nPara um or\u00e7amento mais detalhado entre em contacto connosco via WhatsApp.<\/p>\n","protected":false},"featured_media":19329,"comment_status":"closed","ping_status":"closed","template":"","meta":{"postBodyCss":"","postBodyMargin":[],"postBodyPadding":[],"postBodyBackground":{"backgroundType":"classic","gradient":""}},"product_brand":[],"product_cat":[76,921,47],"product_tag":[1742],"class_list":{"0":"post-19328","1":"product","2":"type-product","3":"status-publish","4":"has-post-thumbnail","6":"product_cat-bar-produtos-novos","7":"product_cat-gelataria","8":"product_cat-produtos-novos","9":"product_tag-equip_hkn-ges8","11":"first","12":"instock","13":"sale","14":"taxable","15":"shipping-taxable","16":"purchasable","17":"product-type-simple"},"_links":{"self":[{"href":"https:\/\/teste.nkoisas.pt\/index.php\/wp-json\/wp\/v2\/product\/19328","targetHints":{"allow":["GET"]}}],"collection":[{"href":"https:\/\/teste.nkoisas.pt\/index.php\/wp-json\/wp\/v2\/product"}],"about":[{"href":"https:\/\/teste.nkoisas.pt\/index.php\/wp-json\/wp\/v2\/types\/product"}],"replies":[{"embeddable":true,"href":"https:\/\/teste.nkoisas.pt\/index.php\/wp-json\/wp\/v2\/comments?post=19328"}],"wp:featuredmedia":[{"embeddable":true,"href":"https:\/\/teste.nkoisas.pt\/index.php\/wp-json\/wp\/v2\/media\/19329"}],"wp:attachment":[{"href":"https:\/\/teste.nkoisas.pt\/index.php\/wp-json\/wp\/v2\/media?parent=19328"}],"wp:term":[{"taxonomy":"product_brand","embeddable":true,"href":"https:\/\/teste.nkoisas.pt\/index.php\/wp-json\/wp\/v2\/product_brand?post=19328"},{"taxonomy":"product_cat","embeddable":true,"href":"https:\/\/teste.nkoisas.pt\/index.php\/wp-json\/wp\/v2\/product_cat?post=19328"},{"taxonomy":"product_tag","embeddable":true,"href":"https:\/\/teste.nkoisas.pt\/index.php\/wp-json\/wp\/v2\/product_tag?post=19328"}],"curies":[{"name":"wp","href":"https:\/\/api.w.org\/{rel}","templated":true}]}}