{"id":21067,"date":"2026-04-17T12:44:00","date_gmt":"2026-04-17T12:44:00","guid":{"rendered":"https:\/\/teste.nkoisas.pt\/index.php\/produto\/panela-a-vapor-para-camadas-de-o18-26cm-em-aco-inoxidavel\/"},"modified":"2026-04-17T12:59:43","modified_gmt":"2026-04-17T12:59:43","slug":"panela-a-vapor-para-camadas-de-o18-26cm-em-aco-inoxidavel","status":"publish","type":"product","link":"https:\/\/teste.nkoisas.pt\/index.php\/produto\/panela-a-vapor-para-camadas-de-o18-26cm-em-aco-inoxidavel\/","title":{"rendered":"Panela a Vapor para camadas de \u00d818-26cm em A\u00e7o Inoxid\u00e1vel"},"content":{"rendered":"<p>Caracter\u00edsticas:<br \/>\n&#8211; Panela de alimentos em a\u00e7o inoxid\u00e1vel, ideal para restaurantes ou caf\u00e9s.<br \/>\n&#8211; Al\u00e7as dur\u00e1veis: Conectadas ao corpo da panela por rebites, as al\u00e7as ajudam a segurar a panela facilmente e evitam queimaduras.<br \/>\n&#8211; Estrutura de f\u00e1cil limpeza.<\/p>\n<p>Dados T\u00e9cnicos:<br \/>\n&#8211; Adequado para camadas de \u00d818-26cm<br \/>\n&#8211; Di\u00e2metro: 29cm<br \/>\n&#8211; Material: A\u00e7o Inoxid\u00e1vel<\/p>\n\n    <div class=\"xs_social_share_widget xs_share_url after_content \t\tmain_content  wslu-style-1 wslu-share-box-shaped wslu-fill-colored wslu-none wslu-share-horizontal wslu-theme-font-no wslu-main_content\">\n\n\t\t\n        <ul>\n\t\t\t        <\/ul>\n    <\/div> \n","protected":false},"excerpt":{"rendered":"<p>Panela a Vapor para camadas de \u00d818-26cm em A\u00e7o Inoxid\u00e1vel<br \/>\n&#8211; Adequado para camadas de \u00d818-26cm<\/p>\n<p>Equipamento dispon\u00edvel para aluguer.<br \/>\nPara um or\u00e7amento mais detalhado entre em contacto connosco via WhatsApp.<\/p>\n","protected":false},"featured_media":21066,"comment_status":"closed","ping_status":"closed","template":"","meta":{"postBodyCss":"","postBodyMargin":[],"postBodyPadding":[],"postBodyBackground":{"backgroundType":"classic","gradient":""}},"product_brand":[],"product_cat":[1840,78,1839],"product_tag":[1806,1843,1842],"class_list":{"0":"post-21067","1":"product","2":"type-product","3":"status-publish","4":"has-post-thumbnail","6":"product_cat-panelas-a-vapor","7":"product_cat-preparacao-de-alimentos","8":"product_cat-vaporizadores","9":"product_tag-aliexpress_4001294029214-panela-30cm","10":"product_tag-panelas-a-vapor","11":"product_tag-vaporizadores","13":"first","14":"instock","15":"taxable","16":"shipping-taxable","17":"purchasable","18":"product-type-simple"},"_links":{"self":[{"href":"https:\/\/teste.nkoisas.pt\/index.php\/wp-json\/wp\/v2\/product\/21067","targetHints":{"allow":["GET"]}}],"collection":[{"href":"https:\/\/teste.nkoisas.pt\/index.php\/wp-json\/wp\/v2\/product"}],"about":[{"href":"https:\/\/teste.nkoisas.pt\/index.php\/wp-json\/wp\/v2\/types\/product"}],"replies":[{"embeddable":true,"href":"https:\/\/teste.nkoisas.pt\/index.php\/wp-json\/wp\/v2\/comments?post=21067"}],"wp:featuredmedia":[{"embeddable":true,"href":"https:\/\/teste.nkoisas.pt\/index.php\/wp-json\/wp\/v2\/media\/21066"}],"wp:attachment":[{"href":"https:\/\/teste.nkoisas.pt\/index.php\/wp-json\/wp\/v2\/media?parent=21067"}],"wp:term":[{"taxonomy":"product_brand","embeddable":true,"href":"https:\/\/teste.nkoisas.pt\/index.php\/wp-json\/wp\/v2\/product_brand?post=21067"},{"taxonomy":"product_cat","embeddable":true,"href":"https:\/\/teste.nkoisas.pt\/index.php\/wp-json\/wp\/v2\/product_cat?post=21067"},{"taxonomy":"product_tag","embeddable":true,"href":"https:\/\/teste.nkoisas.pt\/index.php\/wp-json\/wp\/v2\/product_tag?post=21067"}],"curies":[{"name":"wp","href":"https:\/\/api.w.org\/{rel}","templated":true}]}}