{"id":21070,"date":"2026-04-17T12:44:01","date_gmt":"2026-04-17T12:44:01","guid":{"rendered":"https:\/\/teste.nkoisas.pt\/index.php\/produto\/panela-a-vapor-com-4-camadas-o46-5cm-com-tampa-em-aco-inoxidavel\/"},"modified":"2026-04-17T12:59:43","modified_gmt":"2026-04-17T12:59:43","slug":"panela-a-vapor-com-4-camadas-o46-5cm-com-tampa-em-aco-inoxidavel","status":"publish","type":"product","link":"https:\/\/teste.nkoisas.pt\/index.php\/produto\/panela-a-vapor-com-4-camadas-o46-5cm-com-tampa-em-aco-inoxidavel\/","title":{"rendered":"Panela a Vapor com 4 Camadas \u00d846.5cm com Tampa em A\u00e7o Inoxid\u00e1vel"},"content":{"rendered":"<p>Caracter\u00edsticas:<br \/>\n&#8211; Material de alta qualidade: Este produto \u00e9 feito de a\u00e7o inoxid\u00e1vel de alta qualidade, com alta resist\u00eancia, anticorros\u00e3o, antiferrugem e anti-queda desempenho e longa vida \u00fatil.<br \/>\n&#8211; Tampa vis\u00edvel transparente: A tampa transparente n\u00e3o s\u00f3 \u00e9 eficaz contra poeira, mas tamb\u00e9m permite monitorizar o cozimento sem abrir a tampa e perder calor. O orif\u00edcio de vapor evita derramamentos e garante um uso seguro.<\/p>\n<p>Dados t\u00e9cnicos:<br \/>\n&#8211; N\u00famero de camadas: 4<br \/>\n&#8211; Peso: 4kg<br \/>\n&#8211; Altura total: 46.5 cm<br \/>\n&#8211; Espessura: 0.5 mm<br \/>\n&#8211; Tamanho da embalagem: 40x37x42 cm<\/p>\n\n    <div class=\"xs_social_share_widget xs_share_url after_content \t\tmain_content  wslu-style-1 wslu-share-box-shaped wslu-fill-colored wslu-none wslu-share-horizontal wslu-theme-font-no wslu-main_content\">\n\n\t\t\n        <ul>\n\t\t\t        <\/ul>\n    <\/div> \n","protected":false},"excerpt":{"rendered":"<p>Panela a Vapor com 4 Camadas \u00d846.5cm com Tampa em A\u00e7o Inoxid\u00e1vel<br \/>\n&#8211; Altura total: 46.5 cm<br \/>\n&#8211; Espessura: 0.5 mm<\/p>\n<p>Equipamento dispon\u00edvel para aluguer.<br \/>\nPara um or\u00e7amento mais detalhado entre em contacto connosco via WhatsApp.<\/p>\n","protected":false},"featured_media":21069,"comment_status":"closed","ping_status":"closed","template":"","meta":{"postBodyCss":"","postBodyMargin":[],"postBodyPadding":[],"postBodyBackground":{"backgroundType":"classic","gradient":""}},"product_brand":[],"product_cat":[1840,78,1839],"product_tag":[1847,1843,1842],"class_list":{"0":"post-21070","1":"product","2":"type-product","3":"status-publish","4":"has-post-thumbnail","6":"product_cat-panelas-a-vapor","7":"product_cat-preparacao-de-alimentos","8":"product_cat-vaporizadores","9":"product_tag-aliexpress_1005009629021982","10":"product_tag-panelas-a-vapor","11":"product_tag-vaporizadores","13":"first","14":"instock","15":"taxable","16":"shipping-taxable","17":"purchasable","18":"product-type-simple"},"_links":{"self":[{"href":"https:\/\/teste.nkoisas.pt\/index.php\/wp-json\/wp\/v2\/product\/21070","targetHints":{"allow":["GET"]}}],"collection":[{"href":"https:\/\/teste.nkoisas.pt\/index.php\/wp-json\/wp\/v2\/product"}],"about":[{"href":"https:\/\/teste.nkoisas.pt\/index.php\/wp-json\/wp\/v2\/types\/product"}],"replies":[{"embeddable":true,"href":"https:\/\/teste.nkoisas.pt\/index.php\/wp-json\/wp\/v2\/comments?post=21070"}],"wp:featuredmedia":[{"embeddable":true,"href":"https:\/\/teste.nkoisas.pt\/index.php\/wp-json\/wp\/v2\/media\/21069"}],"wp:attachment":[{"href":"https:\/\/teste.nkoisas.pt\/index.php\/wp-json\/wp\/v2\/media?parent=21070"}],"wp:term":[{"taxonomy":"product_brand","embeddable":true,"href":"https:\/\/teste.nkoisas.pt\/index.php\/wp-json\/wp\/v2\/product_brand?post=21070"},{"taxonomy":"product_cat","embeddable":true,"href":"https:\/\/teste.nkoisas.pt\/index.php\/wp-json\/wp\/v2\/product_cat?post=21070"},{"taxonomy":"product_tag","embeddable":true,"href":"https:\/\/teste.nkoisas.pt\/index.php\/wp-json\/wp\/v2\/product_tag?post=21070"}],"curies":[{"name":"wp","href":"https:\/\/api.w.org\/{rel}","templated":true}]}}