{"id":21100,"date":"2026-04-17T16:07:38","date_gmt":"2026-04-17T16:07:38","guid":{"rendered":"https:\/\/teste.nkoisas.pt\/?post_type=product&#038;p=21100"},"modified":"2026-04-17T16:09:49","modified_gmt":"2026-04-17T16:09:49","slug":"camadas-de-panela-a-vapor-em-aco-inoxidavel","status":"publish","type":"product","link":"https:\/\/teste.nkoisas.pt\/index.php\/produto\/camadas-de-panela-a-vapor-em-aco-inoxidavel\/","title":{"rendered":"Camadas de Panela a Vapor em A\u00e7o Inoxid\u00e1vel"},"content":{"rendered":"<p>Caracter\u00edsticas:<br \/>\n&#8211; Expositor de alimentos el\u00e9ctricos, a\u00e7o inoxid\u00e1vel \/ vidro temperado, ideal para restaurantes ou caf\u00e9s.<br \/>\n&#8211; Possui aquecimento el\u00e9trico para manter os alimentos quentes.<br \/>\n&#8211; Estrutura robusta, de f\u00e1cil limpeza.<\/p>\n<p>Dados T\u00e9cnicos:<br \/>\n&#8211; Material: A\u00e7o Inoxid\u00e1vel<\/p>\n\n    <div class=\"xs_social_share_widget xs_share_url after_content \t\tmain_content  wslu-style-1 wslu-share-box-shaped wslu-fill-colored wslu-none wslu-share-horizontal wslu-theme-font-no wslu-main_content\">\n\n\t\t\n        <ul>\n\t\t\t        <\/ul>\n    <\/div> \n","protected":false},"excerpt":{"rendered":"<p>Caracter\u00edsticas: &#8211; Expositor de alimentos el\u00e9ctricos, a\u00e7o inoxid\u00e1vel \/ vidro temperado, ideal para restaurantes ou caf\u00e9s. &#8211; Possui aquecimento el\u00e9trico para manter os alimentos quentes. &#8211; Estrutura robusta, de f\u00e1cil limpeza. Dados T\u00e9cnicos: &#8211; Material: A\u00e7o Inoxid\u00e1vel<\/p>\n","protected":false},"featured_media":21121,"comment_status":"open","ping_status":"closed","template":"","meta":{"postBodyCss":"","postBodyMargin":[],"postBodyPadding":[],"postBodyBackground":{"backgroundType":"classic","gradient":""}},"product_brand":[],"product_cat":[1840,78,1839],"product_tag":[1848,1843,1842],"class_list":{"0":"post-21100","1":"product","2":"type-product","3":"status-publish","4":"has-post-thumbnail","6":"product_cat-panelas-a-vapor","7":"product_cat-preparacao-de-alimentos","8":"product_cat-vaporizadores","9":"product_tag-aliexpress_1005001490505911","10":"product_tag-panelas-a-vapor","11":"product_tag-vaporizadores","13":"first","14":"instock","15":"taxable","16":"shipping-taxable","17":"purchasable","18":"product-type-variable"},"_links":{"self":[{"href":"https:\/\/teste.nkoisas.pt\/index.php\/wp-json\/wp\/v2\/product\/21100","targetHints":{"allow":["GET"]}}],"collection":[{"href":"https:\/\/teste.nkoisas.pt\/index.php\/wp-json\/wp\/v2\/product"}],"about":[{"href":"https:\/\/teste.nkoisas.pt\/index.php\/wp-json\/wp\/v2\/types\/product"}],"replies":[{"embeddable":true,"href":"https:\/\/teste.nkoisas.pt\/index.php\/wp-json\/wp\/v2\/comments?post=21100"}],"wp:featuredmedia":[{"embeddable":true,"href":"https:\/\/teste.nkoisas.pt\/index.php\/wp-json\/wp\/v2\/media\/21121"}],"wp:attachment":[{"href":"https:\/\/teste.nkoisas.pt\/index.php\/wp-json\/wp\/v2\/media?parent=21100"}],"wp:term":[{"taxonomy":"product_brand","embeddable":true,"href":"https:\/\/teste.nkoisas.pt\/index.php\/wp-json\/wp\/v2\/product_brand?post=21100"},{"taxonomy":"product_cat","embeddable":true,"href":"https:\/\/teste.nkoisas.pt\/index.php\/wp-json\/wp\/v2\/product_cat?post=21100"},{"taxonomy":"product_tag","embeddable":true,"href":"https:\/\/teste.nkoisas.pt\/index.php\/wp-json\/wp\/v2\/product_tag?post=21100"}],"curies":[{"name":"wp","href":"https:\/\/api.w.org\/{rel}","templated":true}]}}