{"id":2964,"date":"2022-05-17T14:29:08","date_gmt":"2022-05-17T14:29:08","guid":{"rendered":"https:\/\/teste.nkoisas.pt\/?post_type=product&#038;p=2964"},"modified":"2026-03-12T14:33:06","modified_gmt":"2026-03-12T14:33:06","slug":"maquina-de-lavar-loica-50x50-590x600x810","status":"publish","type":"product","link":"https:\/\/teste.nkoisas.pt\/index.php\/produto\/maquina-de-lavar-loica-50x50-590x600x810\/","title":{"rendered":"&#8216;- M\u00e1quina de lavar loi\u00e7a"},"content":{"rendered":"<p><strong>M\u00e1quina de lavar loi\u00e7a<\/strong><\/p>\n<p><strong>Cesto: 50&#215;50<\/strong><\/p>\n<p><strong>Pot\u00eancia: 5250W<\/strong><\/p>\n<p><strong>Pot\u00eancia da bomba: 550W<\/strong><\/p>\n<p><strong>Tens\u00e3o: 230V<\/strong><\/p>\n<p><strong>Bot\u00e3o de seguran\u00e7a para abertura da porta\u00a0<\/strong><\/p>\n<p><strong>Consumo de \u00e1gua por ciclo: 4,5 litros<\/strong><\/p>\n<p><strong>Suportes ajust\u00e1veis de inox<\/strong><\/p>\n<p><strong>Garantia: 1 ano<\/strong><\/p>\n<p><strong>Monof\u00e1sico\u00a0<\/strong><\/p>\n<p><strong>NV480<\/strong><\/p>\n\n    <div class=\"xs_social_share_widget xs_share_url after_content \t\tmain_content  wslu-style-1 wslu-share-box-shaped wslu-fill-colored wslu-none wslu-share-horizontal wslu-theme-font-no wslu-main_content\">\n\n\t\t\n        <ul>\n\t\t\t        <\/ul>\n    <\/div> \n","protected":false},"excerpt":{"rendered":"<p>M\u00e1quina de lavar loi\u00e7a<\/p>\n<p>Medidas: 590x600x810<\/p>\n<p>Equipamento disponivel para aluguer 190\u20ac por dia.<\/p>\n<p>Para um or\u00e7amento mais detalhado entre em contacto conosco via WhatsApp.<\/p>\n","protected":false},"featured_media":2965,"comment_status":"closed","ping_status":"closed","template":"","meta":{"postBodyCss":"","postBodyMargin":[],"postBodyPadding":[],"postBodyBackground":{"backgroundType":"classic","gradient":""}},"product_brand":[],"product_cat":[58,59,47],"product_tag":[60],"class_list":{"0":"post-2964","1":"product","2":"type-product","3":"status-publish","4":"has-post-thumbnail","6":"product_cat-lavagem","7":"product_cat-maquinas-de-lavar-loica","8":"product_cat-produtos-novos","9":"product_tag-climahosteleria_ch500eco","11":"first","12":"instock","13":"sale","14":"taxable","15":"shipping-taxable","16":"purchasable","17":"product-type-simple"},"_links":{"self":[{"href":"https:\/\/teste.nkoisas.pt\/index.php\/wp-json\/wp\/v2\/product\/2964","targetHints":{"allow":["GET"]}}],"collection":[{"href":"https:\/\/teste.nkoisas.pt\/index.php\/wp-json\/wp\/v2\/product"}],"about":[{"href":"https:\/\/teste.nkoisas.pt\/index.php\/wp-json\/wp\/v2\/types\/product"}],"replies":[{"embeddable":true,"href":"https:\/\/teste.nkoisas.pt\/index.php\/wp-json\/wp\/v2\/comments?post=2964"}],"wp:featuredmedia":[{"embeddable":true,"href":"https:\/\/teste.nkoisas.pt\/index.php\/wp-json\/wp\/v2\/media\/2965"}],"wp:attachment":[{"href":"https:\/\/teste.nkoisas.pt\/index.php\/wp-json\/wp\/v2\/media?parent=2964"}],"wp:term":[{"taxonomy":"product_brand","embeddable":true,"href":"https:\/\/teste.nkoisas.pt\/index.php\/wp-json\/wp\/v2\/product_brand?post=2964"},{"taxonomy":"product_cat","embeddable":true,"href":"https:\/\/teste.nkoisas.pt\/index.php\/wp-json\/wp\/v2\/product_cat?post=2964"},{"taxonomy":"product_tag","embeddable":true,"href":"https:\/\/teste.nkoisas.pt\/index.php\/wp-json\/wp\/v2\/product_tag?post=2964"}],"curies":[{"name":"wp","href":"https:\/\/api.w.org\/{rel}","templated":true}]}}