{"id":3003,"date":"2022-05-26T15:28:29","date_gmt":"2022-05-26T15:28:29","guid":{"rendered":"https:\/\/teste.nkoisas.pt\/?post_type=product&#038;p=3003"},"modified":"2026-03-12T14:33:10","modified_gmt":"2026-03-12T14:33:10","slug":"fogao-a-gas-6-queimadores-c-forno-1200x700x900","status":"publish","type":"product","link":"https:\/\/teste.nkoisas.pt\/index.php\/produto\/fogao-a-gas-6-queimadores-c-forno-1200x700x900\/","title":{"rendered":"Fog\u00e3o a g\u00e1s com forno"},"content":{"rendered":"<p><strong>Fog\u00e3o a g\u00e1s com forno\u00a0<\/strong><\/p>\n<p><strong>Bicos: 6<\/strong><\/p>\n<p><strong>Pot\u00eancia do forno: 6000W<\/strong><\/p>\n<p><strong>Pot\u00eancia total: 42000W<\/strong><\/p>\n<p><strong>Pot\u00eancia dos bicos: 6&#215;6 kw<\/strong><\/p>\n<p><strong>Constru\u00eddo em a\u00e7o inoxid\u00e1vel<\/strong><\/p>\n<p><strong>Queimadores equipados com v\u00e1lvula de seguran\u00e7a e chama piloto<\/strong><\/p>\n<p><strong>Garantia: 1 ano\u00a0<\/strong><\/p>\n<p><strong>NV512<\/strong><\/p>\n\n    <div class=\"xs_social_share_widget xs_share_url after_content \t\tmain_content  wslu-style-1 wslu-share-box-shaped wslu-fill-colored wslu-none wslu-share-horizontal wslu-theme-font-no wslu-main_content\">\n\n\t\t\n        <ul>\n\t\t\t        <\/ul>\n    <\/div> \n","protected":false},"excerpt":{"rendered":"<p>Fog\u00e3o a g\u00e1s 6 queimadores c\/forno<\/p>\n<p>Medidas: 1200x700x900<\/p>\n<p>Equipamento dispon\u00edvel para aluguer entre em contato por WhatsApp.<\/p>\n<p>Para um or\u00e7amento mais detalhado entre em contacto conosco via WhatsApp.<\/p>\n","protected":false},"featured_media":3004,"comment_status":"closed","ping_status":"closed","template":"","meta":{"postBodyCss":"","postBodyMargin":[],"postBodyPadding":[],"postBodyBackground":{"backgroundType":"classic","gradient":""}},"product_brand":[],"product_cat":[55,51,73,69,47],"product_tag":[74],"class_list":{"0":"post-3003","1":"product","2":"type-product","3":"status-publish","4":"has-post-thumbnail","6":"product_cat-bighub","7":"product_cat-equipamentos-de-cozinha-confeccao","8":"product_cat-fogoes-equipamentos-de-cozinha-confeccao","9":"product_cat-fornos-equipamentos-de-cozinha-confeccao","10":"product_cat-produtos-novos","11":"product_tag-climahosteleria_gr732","13":"first","14":"instock","15":"taxable","16":"shipping-taxable","17":"purchasable","18":"product-type-simple"},"_links":{"self":[{"href":"https:\/\/teste.nkoisas.pt\/index.php\/wp-json\/wp\/v2\/product\/3003","targetHints":{"allow":["GET"]}}],"collection":[{"href":"https:\/\/teste.nkoisas.pt\/index.php\/wp-json\/wp\/v2\/product"}],"about":[{"href":"https:\/\/teste.nkoisas.pt\/index.php\/wp-json\/wp\/v2\/types\/product"}],"replies":[{"embeddable":true,"href":"https:\/\/teste.nkoisas.pt\/index.php\/wp-json\/wp\/v2\/comments?post=3003"}],"wp:featuredmedia":[{"embeddable":true,"href":"https:\/\/teste.nkoisas.pt\/index.php\/wp-json\/wp\/v2\/media\/3004"}],"wp:attachment":[{"href":"https:\/\/teste.nkoisas.pt\/index.php\/wp-json\/wp\/v2\/media?parent=3003"}],"wp:term":[{"taxonomy":"product_brand","embeddable":true,"href":"https:\/\/teste.nkoisas.pt\/index.php\/wp-json\/wp\/v2\/product_brand?post=3003"},{"taxonomy":"product_cat","embeddable":true,"href":"https:\/\/teste.nkoisas.pt\/index.php\/wp-json\/wp\/v2\/product_cat?post=3003"},{"taxonomy":"product_tag","embeddable":true,"href":"https:\/\/teste.nkoisas.pt\/index.php\/wp-json\/wp\/v2\/product_tag?post=3003"}],"curies":[{"name":"wp","href":"https:\/\/api.w.org\/{rel}","templated":true}]}}