{"id":3029,"date":"2022-05-31T14:05:01","date_gmt":"2022-05-31T14:05:01","guid":{"rendered":"https:\/\/teste.nkoisas.pt\/?post_type=product&#038;p=3029"},"modified":"2026-03-12T14:33:12","modified_gmt":"2026-03-12T14:33:12","slug":"placa-electrica-2","status":"publish","type":"product","link":"https:\/\/teste.nkoisas.pt\/index.php\/produto\/placa-electrica-2\/","title":{"rendered":"Chapa el\u00e9trica A\u00e7o retificado 720&#215;400"},"content":{"rendered":"<p>Espessura da placa: 8 mm<\/p>\n<p>Comandos: 2<\/p>\n<p>Pot\u00eancia: 4,3 kW<\/p>\n<p>Tens\u00e3o: 230 V<\/p>\n<p>Dimens\u00f5es Placa: 730&#215;400 (AxF) mm<\/p>\n<p>Ideal para preparar grande variedade de pratos, adequado para restaurantes, bares, venda ambulante.<\/p>\n<p>Acabamento robusto e de alta qualidade. A sua carca\u00e7a \u00e9 feita de a\u00e7o inoxid\u00e1vel de grande durabilidade.<\/p>\n<p>Superf\u00edcie lisa da grelha de a\u00e7o retificado.<\/p>\n<p>NV58<\/p>\n\n    <div class=\"xs_social_share_widget xs_share_url after_content \t\tmain_content  wslu-style-1 wslu-share-box-shaped wslu-fill-colored wslu-none wslu-share-horizontal wslu-theme-font-no wslu-main_content\">\n\n\t\t\n        <ul>\n\t\t\t        <\/ul>\n    <\/div> \n","protected":false},"excerpt":{"rendered":"<p>Medidas: 740x490x240<\/p>\n<p>Equipamento dispon\u00edvel para aluguer entre em contato por WhatsApp.<\/p>\n<p>Para um or\u00e7amento mais detalhado entre em contacto conosco via WhatsApp.<\/p>\n","protected":false},"featured_media":2983,"comment_status":"closed","ping_status":"closed","template":"","meta":{"postBodyCss":"","postBodyMargin":[],"postBodyPadding":[],"postBodyBackground":{"backgroundType":"classic","gradient":""}},"product_brand":[],"product_cat":[55,65,51,47],"product_tag":[86],"class_list":{"0":"post-3029","1":"product","2":"type-product","3":"status-publish","4":"has-post-thumbnail","6":"product_cat-bighub","7":"product_cat-chapas-eletricas","8":"product_cat-equipamentos-de-cozinha-confeccao","9":"product_cat-produtos-novos","10":"product_tag-climahosteleria_eg-820","12":"first","13":"instock","14":"sale","15":"taxable","16":"shipping-taxable","17":"purchasable","18":"product-type-simple"},"_links":{"self":[{"href":"https:\/\/teste.nkoisas.pt\/index.php\/wp-json\/wp\/v2\/product\/3029","targetHints":{"allow":["GET"]}}],"collection":[{"href":"https:\/\/teste.nkoisas.pt\/index.php\/wp-json\/wp\/v2\/product"}],"about":[{"href":"https:\/\/teste.nkoisas.pt\/index.php\/wp-json\/wp\/v2\/types\/product"}],"replies":[{"embeddable":true,"href":"https:\/\/teste.nkoisas.pt\/index.php\/wp-json\/wp\/v2\/comments?post=3029"}],"wp:featuredmedia":[{"embeddable":true,"href":"https:\/\/teste.nkoisas.pt\/index.php\/wp-json\/wp\/v2\/media\/2983"}],"wp:attachment":[{"href":"https:\/\/teste.nkoisas.pt\/index.php\/wp-json\/wp\/v2\/media?parent=3029"}],"wp:term":[{"taxonomy":"product_brand","embeddable":true,"href":"https:\/\/teste.nkoisas.pt\/index.php\/wp-json\/wp\/v2\/product_brand?post=3029"},{"taxonomy":"product_cat","embeddable":true,"href":"https:\/\/teste.nkoisas.pt\/index.php\/wp-json\/wp\/v2\/product_cat?post=3029"},{"taxonomy":"product_tag","embeddable":true,"href":"https:\/\/teste.nkoisas.pt\/index.php\/wp-json\/wp\/v2\/product_tag?post=3029"}],"curies":[{"name":"wp","href":"https:\/\/api.w.org\/{rel}","templated":true}]}}