{"id":3041,"date":"2022-06-01T11:30:26","date_gmt":"2022-06-01T11:30:26","guid":{"rendered":"https:\/\/teste.nkoisas.pt\/?post_type=product&#038;p=3041"},"modified":"2026-03-12T14:33:12","modified_gmt":"2026-03-12T14:33:12","slug":"maquina-de-hamburguers-200x280x280","status":"publish","type":"product","link":"https:\/\/teste.nkoisas.pt\/index.php\/produto\/maquina-de-hamburguers-200x280x280\/","title":{"rendered":"&#8216;- M\u00e1quina de hamb\u00farguer"},"content":{"rendered":"<p><strong>M\u00e1quina de\u00a0<\/strong><b>hamb\u00farguer<\/b><\/p>\n<p><strong>Manual<\/strong><\/p>\n<p><strong>Apto para hamb\u00farguer de carne, peixe e verduras<\/strong><\/p>\n<p><strong>Diam\u00e9tro: 130mm<\/strong><\/p>\n<p><strong>Material: inox<\/strong><\/p>\n<p><strong>Garantia: 1 ano\u00a0\u00a0<\/strong><\/p>\n<p><strong>NV472<\/strong><\/p>\n\n    <div class=\"xs_social_share_widget xs_share_url after_content \t\tmain_content  wslu-style-1 wslu-share-box-shaped wslu-fill-colored wslu-none wslu-share-horizontal wslu-theme-font-no wslu-main_content\">\n\n\t\t\n        <ul>\n\t\t\t        <\/ul>\n    <\/div> \n","protected":false},"excerpt":{"rendered":"<p>M\u00e1quina de hamb\u00farguers<\/p>\n<p>Medidas: 200x280x280<\/p>\n<p>Equipamento disponivel para aluguer 26\u20ac por dia.<\/p>\n<p>Para um or\u00e7amento mais detalhado entre em contacto conosco via WhatsApp.<\/p>\n","protected":false},"featured_media":3042,"comment_status":"closed","ping_status":"closed","template":"","meta":{"postBodyCss":"","postBodyMargin":[],"postBodyPadding":[],"postBodyBackground":{"backgroundType":"classic","gradient":""}},"product_brand":[],"product_cat":[51,78,47],"product_tag":[89],"class_list":{"0":"post-3041","1":"product","2":"type-product","3":"status-publish","4":"has-post-thumbnail","6":"product_cat-equipamentos-de-cozinha-confeccao","7":"product_cat-preparacao-de-alimentos","8":"product_cat-produtos-novos","9":"product_tag-climahosteleria_wf130","11":"first","12":"instock","13":"sale","14":"taxable","15":"shipping-taxable","16":"purchasable","17":"product-type-simple"},"_links":{"self":[{"href":"https:\/\/teste.nkoisas.pt\/index.php\/wp-json\/wp\/v2\/product\/3041","targetHints":{"allow":["GET"]}}],"collection":[{"href":"https:\/\/teste.nkoisas.pt\/index.php\/wp-json\/wp\/v2\/product"}],"about":[{"href":"https:\/\/teste.nkoisas.pt\/index.php\/wp-json\/wp\/v2\/types\/product"}],"replies":[{"embeddable":true,"href":"https:\/\/teste.nkoisas.pt\/index.php\/wp-json\/wp\/v2\/comments?post=3041"}],"wp:featuredmedia":[{"embeddable":true,"href":"https:\/\/teste.nkoisas.pt\/index.php\/wp-json\/wp\/v2\/media\/3042"}],"wp:attachment":[{"href":"https:\/\/teste.nkoisas.pt\/index.php\/wp-json\/wp\/v2\/media?parent=3041"}],"wp:term":[{"taxonomy":"product_brand","embeddable":true,"href":"https:\/\/teste.nkoisas.pt\/index.php\/wp-json\/wp\/v2\/product_brand?post=3041"},{"taxonomy":"product_cat","embeddable":true,"href":"https:\/\/teste.nkoisas.pt\/index.php\/wp-json\/wp\/v2\/product_cat?post=3041"},{"taxonomy":"product_tag","embeddable":true,"href":"https:\/\/teste.nkoisas.pt\/index.php\/wp-json\/wp\/v2\/product_tag?post=3041"}],"curies":[{"name":"wp","href":"https:\/\/api.w.org\/{rel}","templated":true}]}}