{"id":3055,"date":"2022-06-01T13:38:04","date_gmt":"2022-06-01T13:38:04","guid":{"rendered":"https:\/\/teste.nkoisas.pt\/?post_type=product&#038;p=3055"},"modified":"2026-03-12T14:33:15","modified_gmt":"2026-03-12T14:33:15","slug":"espremedor-de-citrinos-180x280x360","status":"publish","type":"product","link":"https:\/\/teste.nkoisas.pt\/index.php\/produto\/espremedor-de-citrinos-180x280x360\/","title":{"rendered":"&#8216;- Espremedor de citrinos"},"content":{"rendered":"<p><strong>Espremedor de citrinos <\/strong><\/p>\n<p><strong>Tens\u00e3o: 230V\u00a0<\/strong><\/p>\n<p><strong>Pot\u00eancia: 570W<\/strong><\/p>\n<p><strong>Cor: laranja<\/strong><\/p>\n<p><strong>Garantia: 1 ano<\/strong><\/p>\n<p><strong>Monof\u00e1sico\u00a0<\/strong><\/p>\n<p><strong>NV490<\/strong><\/p>\n<p>Produto de qualidade de fabrico europeu<br \/>\nEspremedor de sumo de fruta, el\u00e9trico<br \/>\nMotor com dispositivo de prote\u00e7\u00e3o contra sobreaquecimento<br \/>\nOpera\u00e7\u00e3o simples<br \/>\nElevado desempenho com consumo de energia reduzido (Produto Ecol\u00f3gico)<br \/>\nLimpeza f\u00e1cil<br \/>\nQualidade<\/p>\n<p>Corpo em pl\u00e1stico ABS<br \/>\nCaixa \u00e0 prova de riscos<br \/>\nCabe\u00e7a e alavanca em pl\u00e1stico r\u00edgido<br \/>\nCone espremedor em a\u00e7o inoxid\u00e1vel<br \/>\nVantagens do produto<\/p>\n<p>Sem aquecimento dos alimentos por a\u00e7\u00e3o do motor<br \/>\nMuito resistente e dur\u00e1vel<br \/>\nLiga\u00e7\u00e3o<\/p>\n<p>Pot\u00eancia: 570 Watt<br \/>\nLiga\u00e7\u00e3o el\u00e9trica: 1N\/PE \/ 230V \/ 50 Hz<br \/>\nDimens\u00f5es<\/p>\n<p>Dimens\u00f5es Exterior L x P x A: 180 mm x 280 mm x 380 mm<br \/>\nDiretrizes<\/p>\n<p>Produ\u00e7\u00e3o em conformidade com as diretivas de higiene e seguran\u00e7a<br \/>\nO Artigo tem a marca CE que est\u00e1 de acordo com as normas regulamentares da UE<br \/>\nO material est\u00e1 em conformidade com as normas alimentares europeias<\/p>\n\n    <div class=\"xs_social_share_widget xs_share_url after_content \t\tmain_content  wslu-style-1 wslu-share-box-shaped wslu-fill-colored wslu-none wslu-share-horizontal wslu-theme-font-no wslu-main_content\">\n\n\t\t\n        <ul>\n\t\t\t        <\/ul>\n    <\/div> \n","protected":false},"excerpt":{"rendered":"<p>Espremedor de citrinos<\/p>\n<p>Medidas: 180x280x360<\/p>\n<p>Equipamento disponivel para aluguer 48\u20ac por dia.<\/p>\n<p>Para um or\u00e7amento mais detalhado entre em contacto conosco via WhatsApp.<\/p>\n","protected":false},"featured_media":3056,"comment_status":"closed","ping_status":"closed","template":"","meta":{"postBodyCss":"","postBodyMargin":[],"postBodyPadding":[],"postBodyBackground":{"backgroundType":"classic","gradient":""}},"product_brand":[],"product_cat":[76,55,91,47],"product_tag":[92],"class_list":{"0":"post-3055","1":"product","2":"type-product","3":"status-publish","4":"has-post-thumbnail","6":"product_cat-bar-produtos-novos","7":"product_cat-bighub","8":"product_cat-maquinas-de-citrinos","9":"product_cat-produtos-novos","10":"product_tag-climahosteleria_acid-one","12":"first","13":"instock","14":"sale","15":"taxable","16":"shipping-taxable","17":"purchasable","18":"product-type-simple"},"_links":{"self":[{"href":"https:\/\/teste.nkoisas.pt\/index.php\/wp-json\/wp\/v2\/product\/3055","targetHints":{"allow":["GET"]}}],"collection":[{"href":"https:\/\/teste.nkoisas.pt\/index.php\/wp-json\/wp\/v2\/product"}],"about":[{"href":"https:\/\/teste.nkoisas.pt\/index.php\/wp-json\/wp\/v2\/types\/product"}],"replies":[{"embeddable":true,"href":"https:\/\/teste.nkoisas.pt\/index.php\/wp-json\/wp\/v2\/comments?post=3055"}],"wp:featuredmedia":[{"embeddable":true,"href":"https:\/\/teste.nkoisas.pt\/index.php\/wp-json\/wp\/v2\/media\/3056"}],"wp:attachment":[{"href":"https:\/\/teste.nkoisas.pt\/index.php\/wp-json\/wp\/v2\/media?parent=3055"}],"wp:term":[{"taxonomy":"product_brand","embeddable":true,"href":"https:\/\/teste.nkoisas.pt\/index.php\/wp-json\/wp\/v2\/product_brand?post=3055"},{"taxonomy":"product_cat","embeddable":true,"href":"https:\/\/teste.nkoisas.pt\/index.php\/wp-json\/wp\/v2\/product_cat?post=3055"},{"taxonomy":"product_tag","embeddable":true,"href":"https:\/\/teste.nkoisas.pt\/index.php\/wp-json\/wp\/v2\/product_tag?post=3055"}],"curies":[{"name":"wp","href":"https:\/\/api.w.org\/{rel}","templated":true}]}}