{"id":3471,"date":"2022-07-08T14:37:48","date_gmt":"2022-07-08T14:37:48","guid":{"rendered":"https:\/\/teste.nkoisas.pt\/?post_type=product&#038;p=3471"},"modified":"2026-03-12T14:33:41","modified_gmt":"2026-03-12T14:33:41","slug":"maquina-de-embalar-alimentos","status":"publish","type":"product","link":"https:\/\/teste.nkoisas.pt\/index.php\/produto\/maquina-de-embalar-alimentos\/","title":{"rendered":"&#8216;- M\u00e1quina de embalar alimentos"},"content":{"rendered":"<p>Equipamento ideal para embalar alimentos de forma r\u00e1pida, pr\u00e1tica e higi\u00e9nica. Fabricada em <strong data-start=\"267\" data-end=\"285\">a\u00e7o inoxid\u00e1vel<\/strong>, garante durabilidade, f\u00e1cil limpeza e resist\u00eancia ao uso intenso em ambientes profissionais.<\/p>\n<p><strong data-start=\"1020\" data-end=\"1035\">Ideal para:<\/strong> supermercados, talhos, peixarias, padarias, cozinhas industriais e outros neg\u00f3cios do setor alimentar.<\/p>\n\n    <div class=\"xs_social_share_widget xs_share_url after_content \t\tmain_content  wslu-style-1 wslu-share-box-shaped wslu-fill-colored wslu-none wslu-share-horizontal wslu-theme-font-no wslu-main_content\">\n\n\t\t\n        <ul>\n\t\t\t        <\/ul>\n    <\/div> \n","protected":false},"excerpt":{"rendered":"<ul>\n<li>M\u00e1quina de embalar alimentos<\/li>\n<li>Medidas: 470x590x100<\/li>\n<li>Controlo de temperatura: 50\u00baC a 160\u00baC<\/li>\n<li>Pot\u00eancia: 250W<\/li>\n<li>Tens\u00e3o: 230V<\/li>\n<li>Bobina: 450mm<\/li>\n<li>Fabricado em a\u00e7o inoxid\u00e1vel<\/li>\n<li>Garantia: 1 ano<\/li>\n<li>Monof\u00e1sico<\/li>\n<\/ul>\n<p>&nbsp;<\/p>\n","protected":false},"featured_media":3472,"comment_status":"closed","ping_status":"closed","template":"","meta":{"postBodyCss":"","postBodyMargin":[],"postBodyPadding":[],"postBodyBackground":{"backgroundType":"classic","gradient":""}},"product_brand":[],"product_cat":[51,78,47],"product_tag":[149],"class_list":{"0":"post-3471","1":"product","2":"type-product","3":"status-publish","4":"has-post-thumbnail","6":"product_cat-equipamentos-de-cozinha-confeccao","7":"product_cat-preparacao-de-alimentos","8":"product_cat-produtos-novos","9":"product_tag-climahosteleria_iwm-450","11":"first","12":"instock","13":"sale","14":"taxable","15":"shipping-taxable","16":"purchasable","17":"product-type-simple"},"_links":{"self":[{"href":"https:\/\/teste.nkoisas.pt\/index.php\/wp-json\/wp\/v2\/product\/3471","targetHints":{"allow":["GET"]}}],"collection":[{"href":"https:\/\/teste.nkoisas.pt\/index.php\/wp-json\/wp\/v2\/product"}],"about":[{"href":"https:\/\/teste.nkoisas.pt\/index.php\/wp-json\/wp\/v2\/types\/product"}],"replies":[{"embeddable":true,"href":"https:\/\/teste.nkoisas.pt\/index.php\/wp-json\/wp\/v2\/comments?post=3471"}],"wp:featuredmedia":[{"embeddable":true,"href":"https:\/\/teste.nkoisas.pt\/index.php\/wp-json\/wp\/v2\/media\/3472"}],"wp:attachment":[{"href":"https:\/\/teste.nkoisas.pt\/index.php\/wp-json\/wp\/v2\/media?parent=3471"}],"wp:term":[{"taxonomy":"product_brand","embeddable":true,"href":"https:\/\/teste.nkoisas.pt\/index.php\/wp-json\/wp\/v2\/product_brand?post=3471"},{"taxonomy":"product_cat","embeddable":true,"href":"https:\/\/teste.nkoisas.pt\/index.php\/wp-json\/wp\/v2\/product_cat?post=3471"},{"taxonomy":"product_tag","embeddable":true,"href":"https:\/\/teste.nkoisas.pt\/index.php\/wp-json\/wp\/v2\/product_tag?post=3471"}],"curies":[{"name":"wp","href":"https:\/\/api.w.org\/{rel}","templated":true}]}}