{"id":4068,"date":"2023-01-27T15:01:07","date_gmt":"2023-01-27T15:01:07","guid":{"rendered":"https:\/\/teste.nkoisas.pt\/?post_type=product&#038;p=4068"},"modified":"2026-03-12T14:33:57","modified_gmt":"2026-03-12T14:33:57","slug":"maquina-de-cafe","status":"publish","type":"product","link":"https:\/\/teste.nkoisas.pt\/index.php\/produto\/maquina-de-cafe\/","title":{"rendered":"&#8216;- M\u00e1quina de caf\u00e9"},"content":{"rendered":"<p><strong>M\u00e1quina de caf\u00e9\u00a0<\/strong><\/p>\n<p><strong>Dom\u00e9stica de encastre\u00a0<\/strong><\/p>\n<p><strong>Pot\u00eancia: 2300W<\/strong><\/p>\n<p><strong>Garantia: 1 ano\u00a0<\/strong><\/p>\n<p><strong>Monof\u00e1sico\u00a0<\/strong><\/p>\n<p><strong>US501<\/strong><\/p>\n\n    <div class=\"xs_social_share_widget xs_share_url after_content \t\tmain_content  wslu-style-1 wslu-share-box-shaped wslu-fill-colored wslu-none wslu-share-horizontal wslu-theme-font-no wslu-main_content\">\n\n\t\t\n        <ul>\n\t\t\t        <\/ul>\n    <\/div> \n","protected":false},"excerpt":{"rendered":"<p>M\u00e1quina de caf\u00e9<\/p>\n<p>Medidas:595x490x460<\/p>\n","protected":false},"featured_media":4069,"comment_status":"closed","ping_status":"closed","template":"","meta":{"postBodyCss":"","postBodyMargin":[],"postBodyPadding":[],"postBodyBackground":{"backgroundType":"classic","gradient":""}},"product_brand":[],"product_cat":[24,18],"product_tag":[23],"class_list":{"0":"post-4068","1":"product","2":"type-product","3":"status-publish","4":"has-post-thumbnail","6":"product_cat-bar","7":"product_cat-produtos-usados","8":"product_tag-verificado","10":"first","11":"instock","12":"sale","13":"purchasable","14":"product-type-simple"},"_links":{"self":[{"href":"https:\/\/teste.nkoisas.pt\/index.php\/wp-json\/wp\/v2\/product\/4068","targetHints":{"allow":["GET"]}}],"collection":[{"href":"https:\/\/teste.nkoisas.pt\/index.php\/wp-json\/wp\/v2\/product"}],"about":[{"href":"https:\/\/teste.nkoisas.pt\/index.php\/wp-json\/wp\/v2\/types\/product"}],"replies":[{"embeddable":true,"href":"https:\/\/teste.nkoisas.pt\/index.php\/wp-json\/wp\/v2\/comments?post=4068"}],"wp:featuredmedia":[{"embeddable":true,"href":"https:\/\/teste.nkoisas.pt\/index.php\/wp-json\/wp\/v2\/media\/4069"}],"wp:attachment":[{"href":"https:\/\/teste.nkoisas.pt\/index.php\/wp-json\/wp\/v2\/media?parent=4068"}],"wp:term":[{"taxonomy":"product_brand","embeddable":true,"href":"https:\/\/teste.nkoisas.pt\/index.php\/wp-json\/wp\/v2\/product_brand?post=4068"},{"taxonomy":"product_cat","embeddable":true,"href":"https:\/\/teste.nkoisas.pt\/index.php\/wp-json\/wp\/v2\/product_cat?post=4068"},{"taxonomy":"product_tag","embeddable":true,"href":"https:\/\/teste.nkoisas.pt\/index.php\/wp-json\/wp\/v2\/product_tag?post=4068"}],"curies":[{"name":"wp","href":"https:\/\/api.w.org\/{rel}","templated":true}]}}