{"id":9095,"date":"2023-10-09T12:51:36","date_gmt":"2023-10-09T12:51:36","guid":{"rendered":"https:\/\/teste.nkoisas.pt\/?post_type=product&#038;p=9095"},"modified":"2026-03-12T14:40:03","modified_gmt":"2026-03-12T14:40:03","slug":"maquina-de-picar-gelo-electrica-para-cocktails","status":"publish","type":"product","link":"https:\/\/teste.nkoisas.pt\/index.php\/produto\/maquina-de-picar-gelo-electrica-para-cocktails\/","title":{"rendered":"M\u00e1quina de picar gelo el\u00e9ctrica para cocktails"},"content":{"rendered":"<p>Picadora de gelo el\u00e9trica<\/p>\n<p>Dimens\u00f5es do item: 280x370x545 mm<\/p>\n<p>Peso do produto: (13 kg)<\/p>\n<p>A nossa m\u00e1quina de picar\u00a0 gelo el\u00e9trica vem com armazenamento de gelo adicional de 5L. O funil grande minimiza o n\u00famero de reabastecimentos enquanto otimiza o suprimento de gelo. Possui uma tampa de material de PC na parte superior, que \u00e9 eficaz contra o p\u00f3.<\/p>\n<p>A m\u00e1quina de fazer gelo raspado est\u00e1 equipada com bot\u00f5es simples para opera\u00e7\u00e3o conveniente (ON\/OFF\/REVERSE). Os controles reversos podem impedir que o dispositivo fique preso por gelo. Um interruptor de seguran\u00e7a est\u00e1 escondido sob a tampa \u00e0 prova de p\u00f3 (quando a tampa \u00e9 aberta durante o trabalho, o motor para).<\/p>\n<p>Um bot\u00e3o de ajuste na m\u00e1quina permite adicionar cubos de gelo e ajustar a grossura do gelo, de fino a grosso, de cones de neve, bebidas granizadas em minutos.<\/p>\n<p>Tritura at\u00e9 200 kg\u00a0 por hora com um potente motor de cobre de 300 watts, com uma l\u00e2mina afiada de a\u00e7o inoxid\u00e1vel 420 com velocidade de rota\u00e7\u00e3o de 320 RPM. Uma l\u00e2mina suplente est\u00e1 inclu\u00edda com sua m\u00e1quina trituradora de gelo para substitui\u00e7\u00e3o sem problemas.<\/p>\n<p>As p\u00e1s de agita\u00e7\u00e3o de qualidade alimentar s\u00e3o feitas de material de PC, duram muito tempo. A bandeja de gotejamento inferior permite a coloca\u00e7\u00e3o de ch\u00e1venas e copos, com uma sa\u00edda de \u00e1gua conveniente onde uma mangueira de drenagem pode ser conectada para evitar que o gelo derretido derrame. O bot\u00e3o de emerg\u00eancia garante a seguran\u00e7a durante a opera\u00e7\u00e3o. Al\u00e7as humanizadas nas laterais da m\u00e1quina permitem movimenta\u00e7\u00e3o r\u00e1pida e f\u00e1cil.<\/p>\n\n    <div class=\"xs_social_share_widget xs_share_url after_content \t\tmain_content  wslu-style-1 wslu-share-box-shaped wslu-fill-colored wslu-none wslu-share-horizontal wslu-theme-font-no wslu-main_content\">\n\n\t\t\n        <ul>\n\t\t\t        <\/ul>\n    <\/div> \n","protected":false},"excerpt":{"rendered":"[video width=\"1920\" height=\"1080\" mp4=\"https:\/\/www.nkoisas.pt\/wp-content\/uploads\/2023\/10\/trituradora-de-gelo-2.mp4\"][\/video]\n","protected":false},"featured_media":9096,"comment_status":"closed","ping_status":"closed","template":"","meta":{"postBodyCss":"","postBodyMargin":[],"postBodyPadding":[],"postBodyBackground":{"backgroundType":"classic","gradient":""}},"product_brand":[],"product_cat":[76,55,77,78,47],"product_tag":[726],"class_list":{"0":"post-9095","1":"product","2":"type-product","3":"status-publish","4":"has-post-thumbnail","6":"product_cat-bar-produtos-novos","7":"product_cat-bighub","8":"product_cat-picadoras-de-gelo","9":"product_cat-preparacao-de-alimentos","10":"product_cat-produtos-novos","11":"product_tag-ve-pbjby-18800000001v2","13":"first","14":"instock","15":"sale","16":"taxable","17":"shipping-taxable","18":"purchasable","19":"product-type-simple"},"_links":{"self":[{"href":"https:\/\/teste.nkoisas.pt\/index.php\/wp-json\/wp\/v2\/product\/9095","targetHints":{"allow":["GET"]}}],"collection":[{"href":"https:\/\/teste.nkoisas.pt\/index.php\/wp-json\/wp\/v2\/product"}],"about":[{"href":"https:\/\/teste.nkoisas.pt\/index.php\/wp-json\/wp\/v2\/types\/product"}],"replies":[{"embeddable":true,"href":"https:\/\/teste.nkoisas.pt\/index.php\/wp-json\/wp\/v2\/comments?post=9095"}],"wp:featuredmedia":[{"embeddable":true,"href":"https:\/\/teste.nkoisas.pt\/index.php\/wp-json\/wp\/v2\/media\/9096"}],"wp:attachment":[{"href":"https:\/\/teste.nkoisas.pt\/index.php\/wp-json\/wp\/v2\/media?parent=9095"}],"wp:term":[{"taxonomy":"product_brand","embeddable":true,"href":"https:\/\/teste.nkoisas.pt\/index.php\/wp-json\/wp\/v2\/product_brand?post=9095"},{"taxonomy":"product_cat","embeddable":true,"href":"https:\/\/teste.nkoisas.pt\/index.php\/wp-json\/wp\/v2\/product_cat?post=9095"},{"taxonomy":"product_tag","embeddable":true,"href":"https:\/\/teste.nkoisas.pt\/index.php\/wp-json\/wp\/v2\/product_tag?post=9095"}],"curies":[{"name":"wp","href":"https:\/\/api.w.org\/{rel}","templated":true}]}}