{"id":9275,"date":"2023-10-16T12:50:58","date_gmt":"2023-10-16T12:50:58","guid":{"rendered":"https:\/\/teste.nkoisas.pt\/?post_type=product&#038;p=9275"},"modified":"2026-03-12T14:40:09","modified_gmt":"2026-03-12T14:40:09","slug":"prensa-de-massa-grande","status":"publish","type":"product","link":"https:\/\/teste.nkoisas.pt\/index.php\/produto\/prensa-de-massa-grande\/","title":{"rendered":"M\u00e1quina de prensar massa de pizza"},"content":{"rendered":"<p>Esta m\u00e1quina de laminador de massa multifuncional comercial \u00e9 ideal para folhar massa de pizza, base de pizza, crosta de pizza, massa folhada, moldador de p\u00e3o, crosta de torta, folha de roti, folha de chapati, etc. .<\/p>\n<p>Montado com base de ferro fundido resistente, componentes de liga de alum\u00ednio e placa de prensagem de a\u00e7o inoxid\u00e1vel de qualidade alimentar, placa puxadora e placa de suporte, esta laminadora de massa de pizza \u00e9 de forte estabilidade, robustez e higiene .<\/p>\n<p>A placa de press\u00e3o circular, constru\u00edda com a\u00e7o inoxid\u00e1vel de qualidade alimentar, com um grande di\u00e2metro de 7,87 polegadas (200 mm) e espessura de 0,2 polegadas (5 mm), \u00e9 adequada para qualquer tipo de massa com di\u00e2metro inferior a 7,87 polegadas.<\/p>\n<p>A placa puxadora de a\u00e7o inoxid\u00e1vel, fixada na placa de suporte, pode deslizar suavemente ao longo de uma linha reta sem deslocamento, facilitando muito a coloca\u00e7\u00e3o e coleta da massa. Esta prensa de massa de pizza adota uma longa alavanca de press\u00e3o para opera\u00e7\u00e3o sem esfor\u00e7o.<\/p>\n<p>Nossa m\u00e1quina de prensa para massa de pizza pode pressionar a massa em diferentes espessuras de folhas de acordo com suas pr\u00f3prias necessidades. A altura da placa de press\u00e3o tamb\u00e9m \u00e9 ajust\u00e1vel.<\/p>\n<p>&nbsp;<\/p>\n\n    <div class=\"xs_social_share_widget xs_share_url after_content \t\tmain_content  wslu-style-1 wslu-share-box-shaped wslu-fill-colored wslu-none wslu-share-horizontal wslu-theme-font-no wslu-main_content\">\n\n\t\t\n        <ul>\n\t\t\t        <\/ul>\n    <\/div> \n","protected":false},"excerpt":{"rendered":"<ul>\n<li>Base de ferro fundido resistente, componentes de liga de alum\u00ednio e placa de prensagem de a\u00e7o inoxid\u00e1vel<\/li>\n<li>Placa de press\u00e3o de 8 polegadas de di\u00e2metro<\/li>\n<li>Alavanca longa de press\u00e3o para opera\u00e7\u00e3o sem esfor\u00e7o<\/li>\n<\/ul>\n","protected":false},"featured_media":9276,"comment_status":"closed","ping_status":"closed","template":"","meta":{"postBodyCss":"","postBodyMargin":[],"postBodyPadding":[],"postBodyBackground":{"backgroundType":"classic","gradient":""}},"product_brand":[],"product_cat":[55,51,78,47],"product_tag":[735],"class_list":{"0":"post-9275","1":"product","2":"type-product","3":"status-publish","4":"has-post-thumbnail","6":"product_cat-bighub","7":"product_cat-equipamentos-de-cozinha-confeccao","8":"product_cat-preparacao-de-alimentos","9":"product_cat-produtos-novos","10":"product_tag-ve-sdymj-xxmb20cm001v0","12":"first","13":"instock","14":"taxable","15":"shipping-taxable","16":"purchasable","17":"product-type-simple"},"_links":{"self":[{"href":"https:\/\/teste.nkoisas.pt\/index.php\/wp-json\/wp\/v2\/product\/9275","targetHints":{"allow":["GET"]}}],"collection":[{"href":"https:\/\/teste.nkoisas.pt\/index.php\/wp-json\/wp\/v2\/product"}],"about":[{"href":"https:\/\/teste.nkoisas.pt\/index.php\/wp-json\/wp\/v2\/types\/product"}],"replies":[{"embeddable":true,"href":"https:\/\/teste.nkoisas.pt\/index.php\/wp-json\/wp\/v2\/comments?post=9275"}],"wp:featuredmedia":[{"embeddable":true,"href":"https:\/\/teste.nkoisas.pt\/index.php\/wp-json\/wp\/v2\/media\/9276"}],"wp:attachment":[{"href":"https:\/\/teste.nkoisas.pt\/index.php\/wp-json\/wp\/v2\/media?parent=9275"}],"wp:term":[{"taxonomy":"product_brand","embeddable":true,"href":"https:\/\/teste.nkoisas.pt\/index.php\/wp-json\/wp\/v2\/product_brand?post=9275"},{"taxonomy":"product_cat","embeddable":true,"href":"https:\/\/teste.nkoisas.pt\/index.php\/wp-json\/wp\/v2\/product_cat?post=9275"},{"taxonomy":"product_tag","embeddable":true,"href":"https:\/\/teste.nkoisas.pt\/index.php\/wp-json\/wp\/v2\/product_tag?post=9275"}],"curies":[{"name":"wp","href":"https:\/\/api.w.org\/{rel}","templated":true}]}}