{"id":9600,"date":"2024-02-24T19:59:46","date_gmt":"2024-02-24T19:59:46","guid":{"rendered":"https:\/\/teste.nkoisas.pt\/?post_type=product&#038;p=9600"},"modified":"2026-03-12T14:40:16","modified_gmt":"2026-03-12T14:40:16","slug":"descascador-de-batata-e-legumes-profissional","status":"publish","type":"product","link":"https:\/\/teste.nkoisas.pt\/index.php\/produto\/descascador-de-batata-e-legumes-profissional\/","title":{"rendered":"Cortadora de Batata e Legumes profissional"},"content":{"rendered":"<ul class=\"detailGuide_cont js-toggleCont toggle-hidden toggle-show\">\n<li>Cortador manual de frutas e legumes multiuso: esta m\u00e1quina resistente \u00e9 muito adequado para restaurantes e cozinhas dom\u00e9sticas. Pode ser usado para cortar batatas, cenouras, pepinos, ma\u00e7\u00e3s, peras e outros vegetais e frutas. \u00c9 ideal para quem deseja preparar legumes e frutas para saladas, batatas fritas e sobremesas de forma pr\u00e1tica e r\u00e1pida.<\/li>\n<li>O picador comercial est\u00e1 equipado com quatro l\u00e2minas de 1\/4&#8243;, 3\/8&#8243;, 6 cunhas , que s\u00e3o afiadas e resistentes. Ele tamb\u00e9m vem com duas l\u00e2minas sobressalentes. Voc\u00ea pode usar este cortador para cortar vegetais e frutas em diferentes tamanhos e formatos de acordo com suas necessidades.<\/li>\n<\/ul>\n\n    <div class=\"xs_social_share_widget xs_share_url after_content \t\tmain_content  wslu-style-1 wslu-share-box-shaped wslu-fill-colored wslu-none wslu-share-horizontal wslu-theme-font-no wslu-main_content\">\n\n\t\t\n        <ul>\n\t\t\t        <\/ul>\n    <\/div> \n","protected":false},"excerpt":{"rendered":"<ul>\n<li>4 tamanhos de l\u00e2minas dispon\u00edveis.<\/li>\n<li>Quatro p\u00e9s cobertos com quatro botas de borracha tornam este picador de vegetais comercial est\u00e1vel o suficiente, aumentando muito a estabilidade durante sua opera\u00e7\u00e3o.<\/li>\n<\/ul>\n","protected":false},"featured_media":9601,"comment_status":"closed","ping_status":"closed","template":"","meta":{"postBodyCss":"","postBodyMargin":[],"postBodyPadding":[],"postBodyBackground":{"backgroundType":"classic","gradient":""}},"product_brand":[],"product_cat":[55,747,78,47],"product_tag":[748],"class_list":{"0":"post-9600","1":"product","2":"type-product","3":"status-publish","4":"has-post-thumbnail","6":"product_cat-bighub","7":"product_cat-laminadoras","8":"product_cat-preparacao-de-alimentos","9":"product_cat-produtos-novos","10":"product_tag-https-eur-vevor-com-dicers-c_10676-vevor-commercial-vegetable-dicer-vegetable-chopper-4-blades-french-fry-cutter-p_010206161843","12":"first","13":"instock","14":"sale","15":"taxable","16":"shipping-taxable","17":"purchasable","18":"product-type-simple"},"_links":{"self":[{"href":"https:\/\/teste.nkoisas.pt\/index.php\/wp-json\/wp\/v2\/product\/9600","targetHints":{"allow":["GET"]}}],"collection":[{"href":"https:\/\/teste.nkoisas.pt\/index.php\/wp-json\/wp\/v2\/product"}],"about":[{"href":"https:\/\/teste.nkoisas.pt\/index.php\/wp-json\/wp\/v2\/types\/product"}],"replies":[{"embeddable":true,"href":"https:\/\/teste.nkoisas.pt\/index.php\/wp-json\/wp\/v2\/comments?post=9600"}],"wp:featuredmedia":[{"embeddable":true,"href":"https:\/\/teste.nkoisas.pt\/index.php\/wp-json\/wp\/v2\/media\/9601"}],"wp:attachment":[{"href":"https:\/\/teste.nkoisas.pt\/index.php\/wp-json\/wp\/v2\/media?parent=9600"}],"wp:term":[{"taxonomy":"product_brand","embeddable":true,"href":"https:\/\/teste.nkoisas.pt\/index.php\/wp-json\/wp\/v2\/product_brand?post=9600"},{"taxonomy":"product_cat","embeddable":true,"href":"https:\/\/teste.nkoisas.pt\/index.php\/wp-json\/wp\/v2\/product_cat?post=9600"},{"taxonomy":"product_tag","embeddable":true,"href":"https:\/\/teste.nkoisas.pt\/index.php\/wp-json\/wp\/v2\/product_tag?post=9600"}],"curies":[{"name":"wp","href":"https:\/\/api.w.org\/{rel}","templated":true}]}}